{"id":3,"date":"2024-06-26T12:06:42","date_gmt":"2024-06-26T10:06:42","guid":{"rendered":"http:\/\/visitincity.com\/?page_id=3"},"modified":"2024-09-11T20:17:18","modified_gmt":"2024-09-11T18:17:18","slug":"politique-de-confidentialite","status":"publish","type":"page","link":"https:\/\/visitincity.com\/nl\/politique-de-confidentialite\/","title":{"rendered":"Privacybeleid"},"content":{"rendered":"<h4 class=\"wp-block-heading\">Wijzigingsdatum: september 2024<\/h4>\n\n\n\n<p><strong>Door gebruik te maken van dit platform en de tools die erop beschikbaar zijn of ermee verband houden, gaat u akkoord met de volgende voorwaarden, die u hieronder vindt: de voorwaarden met betrekking tot de bescherming van de privacy, de regels met betrekking tot cookies en de juridische kennisgeving.<\/strong><\/p>\n\n\n\n<h2 class=\"wp-block-heading\">Wie zijn wij?<\/h2>\n\n\n\n<p><strong>Bezoek in de stad<\/strong><br><strong>Website<\/strong>\u00a0: www.visitincity.com<\/p>\n\n\n\n<p><strong>Webmaster<\/strong><br><strong>Naam<\/strong>&nbsp;: Amk crea<br><strong>E-mailadres<\/strong>&nbsp;:<a href=\"mailto:amkcrea@gmail.com\">&nbsp;amkcrea@gmail.com<\/a><\/p>\n\n\n\n<p><strong>Host<\/strong><br><strong>Bedrijf :\u00a0<\/strong>OVH<br><strong>Website<\/strong>:\u00a0<a href=\"http:\/\/OVH.com\/\">www.ovh.com<\/a><\/p>\n\n\n\n<h4 class=\"wp-block-heading\"><strong>Reacties<\/strong><\/h4>\n\n\n\n<p>Lorsque vous laissez un commentaire sur notre site, nous collectons les donn\u00e9es inscrites dans le formulaire de commentaire, ainsi que votre adresse IP et l&rsquo;agent utilisateur de votre navigateur pour nous aider \u00e0 la d\u00e9tection des commentaires ind\u00e9sirables.<\/p>\n\n\n\n<p>Een geanonimiseerde tekenreeks die is gemaakt van je e-mailadres (een hash genoemd) kan naar de Gravatar-service worden gestuurd om te controleren of je deze gebruikt. De geheimhoudingsclausules van de Gravatar-service zijn hier beschikbaar: <a href=\"https:\/\/automattic.com\/privacy\">https:\/\/automattic.com\/privacy<\/a>. Zodra je commentaar is gevalideerd, is je profielfoto publiekelijk zichtbaar naast je commentaar.<\/p>\n\n\n\n<h4 class=\"wp-block-heading\"><strong>Media<\/strong><\/h4>\n\n\n\n<p>Als je afbeeldingen uploadt naar de site, raden we je aan om geen afbeeldingen te uploaden met EXIF-gegevens van GPS-co\u00f6rdinaten. Bezoekers van de site kunnen locatiegegevens van deze afbeeldingen downloaden en extraheren.<\/p>\n\n\n\n<h4 class=\"wp-block-heading\"><strong>Cookies<\/strong><\/h4>\n\n\n\n<p>Als u een reactie achterlaat op onze site, wordt u gevraagd om uw naam, e-mailadres en site op te slaan in cookies. Deze cookies verlopen na een jaar.<br>Als u inlogt, plaatsen we een aantal cookies om uw inloggegevens en schermvoorkeuren op te slaan. Als u \u201cOnthoud mij\u201d aanvinkt, wordt uw inlogcookie twee weken bewaard. Als u uitlogt, wordt de inlogcookie verwijderd.<\/p>\n\n\n\n<h4 class=\"wp-block-heading\"><strong>Ge\u00efntegreerde inhoud van andere sites<\/strong><\/h4>\n\n\n\n<p>Artikelen op deze site kunnen ingesloten inhoud bevatten (bijv. video's, afbeeldingen, artikelen). Ingesloten inhoud van andere sites gedraagt zich op dezelfde manier alsof de bezoeker naar die andere site gaat. Deze websites kunnen gegevens over u verzamelen, cookies gebruiken, trackingtools van derden integreren en uw interacties met deze ingesloten inhoud bijhouden.<\/p>\n\n\n\n<h4 class=\"wp-block-heading\"><strong>Gebruik en overdracht van uw persoonlijke gegevens<\/strong><\/h4>\n\n\n\n<p>Als u een wachtwoord-reset aanvraagt, wordt uw IP-adres opgenomen in de reset-e-mail.<\/p>\n\n\n\n<h4 class=\"wp-block-heading\"><strong>Duur van de opslag van uw gegevens<\/strong><\/h4>\n\n\n\n<p>Als je een reactie achterlaat, worden deze en de metagegevens voor onbepaalde tijd bewaard. Hierdoor worden latere opmerkingen automatisch herkend en goedgekeurd in plaats van dat ze in de wachtrij voor moderatie blijven staan.<br>Pour les comptes inscrits sur notre site, nous stockons \u00e9galement les donn\u00e9es personnelles indiqu\u00e9es dans leur profil. Tous les comptes peuvent voir, modifier ou supprimer leurs informations personnelles \u00e0 tout moment (\u00e0 l&rsquo;exception de leur identifiant). Les gestionnaires du site peuvent aussi voir et modifier ces informations.<\/p>\n\n\n\n<h4 class=\"wp-block-heading\"><strong>De rechten die u hebt over uw gegevens<\/strong><\/h4>\n\n\n\n<p>Si vous avez un compte ou si vous avez laiss\u00e9 des commentaires sur le site, vous pouvez demander \u00e0 recevoir un fichier contenant toutes les donn\u00e9es personnelles que nous poss\u00e9dons \u00e0 votre sujet. Vous pouvez \u00e9galement demander la suppression de ces donn\u00e9es, \u00e0 l&rsquo;exception des donn\u00e9es stock\u00e9es \u00e0 des fins administratives, l\u00e9gales ou pour des raisons de s\u00e9curit\u00e9.<\/p>\n\n\n\n<h4 class=\"wp-block-heading\"><strong>Overdracht van uw persoonlijke gegevens<\/strong><\/h4>\n\n\n\n<p>Reacties van bezoekers kunnen worden gecontroleerd met behulp van een geautomatiseerde service om ongewenste reacties te detecteren.<\/p>\n\n\n\n<hr class=\"wp-block-separator has-alpha-channel-opacity\"\/>\n\n\n\n<h3 class=\"wp-block-heading\"><strong>Conditions d&rsquo;Utilisation des eBooks<\/strong><\/h3>\n\n\n\n<p>eBooks gekocht op <a href=\"https:\/\/visitincity.com\/nl\/\">https:\/\/visitincity.com<\/a> sont destin\u00e9s \u00e0 un usage strictement personnel. Toute redistribution, vente ou publication non autoris\u00e9e des eBooks est interdite et constitue une violation de nos droits d&rsquo;auteur.<\/p>\n\n\n\n<h4 class=\"wp-block-heading\"><strong>Restitutiebeleid<\/strong><\/h4>\n\n\n\n<p>Alle aankopen van eBooks zijn <strong>definitief<\/strong> en kan niet worden terugbetaald. Door onze eBooks te downloaden, accepteer je deze voorwaarden. Als je een technisch probleem ondervindt met je aankoop, neem dan contact met ons op, maar er zal geen restitutie plaatsvinden.<\/p>\n\n\n\n<hr class=\"wp-block-separator has-alpha-channel-opacity\"\/>\n\n\n\n<h3 class=\"wp-block-heading\"><strong>Bescherming van site-informatie<\/strong><\/h3>\n\n\n\n<p>Alle inhoud van <a href=\"https:\/\/visitincity.com\/nl\/\">https:\/\/visitincity.com<\/a>, y compris les textes, images et eBooks, est prot\u00e9g\u00e9 par des droits d&rsquo;auteur. Il est strictement interdit de reproduire, distribuer ou exploiter commercialement ce contenu sans notre autorisation \u00e9crite pr\u00e9alable.<\/p>\n\n\n\n<hr class=\"wp-block-separator has-alpha-channel-opacity\"\/>\n\n\n\n<h3 class=\"wp-block-heading\"><strong>Betalingsbeveiliging<\/strong><\/h3>\n\n\n\n<p>We gebruiken beveiligde betalingsdiensten en slaan geen bank- of creditcardgegevens op. Alle transacties worden beschermd en gecodeerd om de veiligheid van uw informatie te garanderen.<\/p>\n\n\n\n<hr class=\"wp-block-separator has-alpha-channel-opacity\"\/>\n\n\n\n<h3 class=\"wp-block-heading\"><strong>Voorwaarden voor services<\/strong><\/h3>\n\n\n\n<p>Door uw service aan onze site toe te voegen, accepteert u onze algemene gebruiksvoorwaarden. We behouden ons het recht voor om elke service die niet voldoet aan onze kwaliteitsnormen of ons interne beleid zonder terugbetaling in te trekken.<\/p>\n\n\n\n<p>Les informations fournies par les prestataires doivent \u00eatre exactes et \u00e0 jour. Nous d\u00e9clinons toute responsabilit\u00e9 en cas d&rsquo;erreurs ou d&rsquo;omissions dans les informations fournies.<\/p>\n\n\n\n<h4 class=\"wp-block-heading\"><strong>Beleid voor vergoeding van voordelen<\/strong><\/h4>\n\n\n\n<p>Les frais pay\u00e9s pour la publication d&rsquo;une prestation sont non remboursables, m\u00eame en cas de retrait anticip\u00e9 par le prestataire.<\/p>\n\n\n\n<hr class=\"wp-block-separator has-alpha-channel-opacity\"\/>\n\n\n\n<h3 class=\"wp-block-heading\"><strong>Beperking van aansprakelijkheid<\/strong><\/h3>\n\n\n\n<p>Nous nous effor\u00e7ons de fournir des informations exactes et \u00e0 jour sur les eBooks et les prestations, mais nous ne garantissons pas l&rsquo;exactitude absolue des d\u00e9tails. Nous d\u00e9clinons toute responsabilit\u00e9 pour les erreurs, omissions, ou changements qui pourraient survenir apr\u00e8s la publication.<\/p>\n\n\n\n<hr class=\"wp-block-separator has-alpha-channel-opacity\"\/>\n\n\n\n<h3 class=\"wp-block-heading\"><strong>Wijzigingen in de voorwaarden<\/strong><\/h3>\n\n\n\n<p>Nous nous r\u00e9servons le droit de modifier cette politique de confidentialit\u00e9 et ces conditions d&rsquo;utilisation \u00e0 tout moment. Toute modification sera communiqu\u00e9e sur cette page. Nous vous encourageons \u00e0 consulter r\u00e9guli\u00e8rement cette politique pour rester inform\u00e9 des changements \u00e9ventuels.<\/p>","protected":false},"excerpt":{"rendered":"<p>Date de modification : Septembre 2024 Par l\u2019utilisation de cette plateforme ainsi que des outils y disponibles ou y relat\u00e9s, vous marquez votre accord sur les conditions suivantes.Vous trouverez ci-dessous les conditions concernant la&nbsp;protection de la vie priv\u00e9e, les&nbsp;r\u00e8glements relatifs aux cookies&nbsp;ainsi que les&nbsp;mentions l\u00e9gales. Qui sommes-nous&nbsp;? Vist In CitySite web\u00a0: www.visitincity.com WebmasterNom&nbsp;: Amk creaAdresse [&hellip;]<\/p>","protected":false},"author":1,"featured_media":0,"parent":0,"menu_order":0,"comment_status":"closed","ping_status":"closed","template":"","meta":{"footnotes":""},"class_list":["post-3","page","type-page","status-publish","hentry"],"yoast_head":"<!-- This site is optimized with the Yoast SEO plugin v26.8 - https:\/\/yoast.com\/product\/yoast-seo-wordpress\/ -->\n<title>Politique de confidentialit\u00e9 - Visit In City<\/title>\n<meta name=\"robots\" content=\"index, follow, max-snippet:-1, max-image-preview:large, max-video-preview:-1\" \/>\n<link rel=\"canonical\" href=\"https:\/\/visitincity.com\/nl\/politique-de-confidentialite\/\" \/>\n<meta property=\"og:locale\" content=\"nl_NL\" \/>\n<meta property=\"og:type\" content=\"article\" \/>\n<meta property=\"og:title\" content=\"Politique de confidentialit\u00e9 - Visit In City\" \/>\n<meta property=\"og:description\" content=\"Date de modification : Septembre 2024 Par l\u2019utilisation de cette plateforme ainsi que des outils y disponibles ou y relat\u00e9s, vous marquez votre accord sur les conditions suivantes.Vous trouverez ci-dessous les conditions concernant la&nbsp;protection de la vie priv\u00e9e, les&nbsp;r\u00e8glements relatifs aux cookies&nbsp;ainsi que les&nbsp;mentions l\u00e9gales. Qui sommes-nous&nbsp;? Vist In CitySite web\u00a0: www.visitincity.com WebmasterNom&nbsp;: Amk creaAdresse [&hellip;]\" \/>\n<meta property=\"og:url\" content=\"https:\/\/visitincity.com\/nl\/politique-de-confidentialite\/\" \/>\n<meta property=\"og:site_name\" content=\"Visit In City\" \/>\n<meta property=\"article:modified_time\" content=\"2024-09-11T18:17:18+00:00\" \/>\n<meta name=\"twitter:card\" content=\"summary_large_image\" \/>\n<meta name=\"twitter:label1\" content=\"Geschatte leestijd\" \/>\n\t<meta name=\"twitter:data1\" content=\"5 minuten\" \/>\n<script type=\"application\/ld+json\" class=\"yoast-schema-graph\">{\"@context\":\"https:\/\/schema.org\",\"@graph\":[{\"@type\":\"WebPage\",\"@id\":\"https:\/\/visitincity.com\/politique-de-confidentialite\/\",\"url\":\"https:\/\/visitincity.com\/politique-de-confidentialite\/\",\"name\":\"Politique de confidentialit\u00e9 - Visit In City\",\"isPartOf\":{\"@id\":\"https:\/\/visitincity.com\/#website\"},\"datePublished\":\"2024-06-26T10:06:42+00:00\",\"dateModified\":\"2024-09-11T18:17:18+00:00\",\"breadcrumb\":{\"@id\":\"https:\/\/visitincity.com\/politique-de-confidentialite\/#breadcrumb\"},\"inLanguage\":\"nl-NL\",\"potentialAction\":[{\"@type\":\"ReadAction\",\"target\":[\"https:\/\/visitincity.com\/politique-de-confidentialite\/\"]}]},{\"@type\":\"BreadcrumbList\",\"@id\":\"https:\/\/visitincity.com\/politique-de-confidentialite\/#breadcrumb\",\"itemListElement\":[{\"@type\":\"ListItem\",\"position\":1,\"name\":\"Accueil\",\"item\":\"https:\/\/visitincity.com\/\"},{\"@type\":\"ListItem\",\"position\":2,\"name\":\"Politique de confidentialit\u00e9\"}]},{\"@type\":\"WebSite\",\"@id\":\"https:\/\/visitincity.com\/#website\",\"url\":\"https:\/\/visitincity.com\/\",\"name\":\"Visit In City\",\"description\":\"\",\"publisher\":{\"@id\":\"https:\/\/visitincity.com\/#organization\"},\"potentialAction\":[{\"@type\":\"SearchAction\",\"target\":{\"@type\":\"EntryPoint\",\"urlTemplate\":\"https:\/\/visitincity.com\/?s={search_term_string}\"},\"query-input\":{\"@type\":\"PropertyValueSpecification\",\"valueRequired\":true,\"valueName\":\"search_term_string\"}}],\"inLanguage\":\"nl-NL\"},{\"@type\":\"Organization\",\"@id\":\"https:\/\/visitincity.com\/#organization\",\"name\":\"Visit In City\",\"url\":\"https:\/\/visitincity.com\/\",\"logo\":{\"@type\":\"ImageObject\",\"inLanguage\":\"nl-NL\",\"@id\":\"https:\/\/visitincity.com\/#\/schema\/logo\/image\/\",\"url\":\"https:\/\/visitincity.com\/wp-content\/uploads\/2024\/07\/visitincity_110724_AJ-04.png\",\"contentUrl\":\"https:\/\/visitincity.com\/wp-content\/uploads\/2024\/07\/visitincity_110724_AJ-04.png\",\"width\":2084,\"height\":2084,\"caption\":\"Visit In City\"},\"image\":{\"@id\":\"https:\/\/visitincity.com\/#\/schema\/logo\/image\/\"}}]}<\/script>\n<!-- \/ Yoast SEO plugin. -->","yoast_head_json":{"title":"Politique de confidentialit\u00e9 - Visit In City","robots":{"index":"index","follow":"follow","max-snippet":"max-snippet:-1","max-image-preview":"max-image-preview:large","max-video-preview":"max-video-preview:-1"},"canonical":"https:\/\/visitincity.com\/nl\/politique-de-confidentialite\/","og_locale":"nl_NL","og_type":"article","og_title":"Politique de confidentialit\u00e9 - Visit In City","og_description":"Date de modification : Septembre 2024 Par l\u2019utilisation de cette plateforme ainsi que des outils y disponibles ou y relat\u00e9s, vous marquez votre accord sur les conditions suivantes.Vous trouverez ci-dessous les conditions concernant la&nbsp;protection de la vie priv\u00e9e, les&nbsp;r\u00e8glements relatifs aux cookies&nbsp;ainsi que les&nbsp;mentions l\u00e9gales. Qui sommes-nous&nbsp;? Vist In CitySite web\u00a0: www.visitincity.com WebmasterNom&nbsp;: Amk creaAdresse [&hellip;]","og_url":"https:\/\/visitincity.com\/nl\/politique-de-confidentialite\/","og_site_name":"Visit In City","article_modified_time":"2024-09-11T18:17:18+00:00","twitter_card":"summary_large_image","twitter_misc":{"Geschatte leestijd":"5 minuten"},"schema":{"@context":"https:\/\/schema.org","@graph":[{"@type":"WebPage","@id":"https:\/\/visitincity.com\/politique-de-confidentialite\/","url":"https:\/\/visitincity.com\/politique-de-confidentialite\/","name":"Politique de confidentialit\u00e9 - Visit In City","isPartOf":{"@id":"https:\/\/visitincity.com\/#website"},"datePublished":"2024-06-26T10:06:42+00:00","dateModified":"2024-09-11T18:17:18+00:00","breadcrumb":{"@id":"https:\/\/visitincity.com\/politique-de-confidentialite\/#breadcrumb"},"inLanguage":"nl-NL","potentialAction":[{"@type":"ReadAction","target":["https:\/\/visitincity.com\/politique-de-confidentialite\/"]}]},{"@type":"BreadcrumbList","@id":"https:\/\/visitincity.com\/politique-de-confidentialite\/#breadcrumb","itemListElement":[{"@type":"ListItem","position":1,"name":"Accueil","item":"https:\/\/visitincity.com\/"},{"@type":"ListItem","position":2,"name":"Politique de confidentialit\u00e9"}]},{"@type":"WebSite","@id":"https:\/\/visitincity.com\/#website","url":"https:\/\/visitincity.com\/","name":"Bezoek in de stad","description":"","publisher":{"@id":"https:\/\/visitincity.com\/#organization"},"potentialAction":[{"@type":"SearchAction","target":{"@type":"EntryPoint","urlTemplate":"https:\/\/visitincity.com\/?s={search_term_string}"},"query-input":{"@type":"PropertyValueSpecification","valueRequired":true,"valueName":"search_term_string"}}],"inLanguage":"nl-NL"},{"@type":"Organization","@id":"https:\/\/visitincity.com\/#organization","name":"Bezoek in de stad","url":"https:\/\/visitincity.com\/","logo":{"@type":"ImageObject","inLanguage":"nl-NL","@id":"https:\/\/visitincity.com\/#\/schema\/logo\/image\/","url":"https:\/\/visitincity.com\/wp-content\/uploads\/2024\/07\/visitincity_110724_AJ-04.png","contentUrl":"https:\/\/visitincity.com\/wp-content\/uploads\/2024\/07\/visitincity_110724_AJ-04.png","width":2084,"height":2084,"caption":"Visit In City"},"image":{"@id":"https:\/\/visitincity.com\/#\/schema\/logo\/image\/"}}]}},"_links":{"self":[{"href":"https:\/\/visitincity.com\/nl\/wp-json\/wp\/v2\/pages\/3","targetHints":{"allow":["GET"]}}],"collection":[{"href":"https:\/\/visitincity.com\/nl\/wp-json\/wp\/v2\/pages"}],"about":[{"href":"https:\/\/visitincity.com\/nl\/wp-json\/wp\/v2\/types\/page"}],"author":[{"embeddable":true,"href":"https:\/\/visitincity.com\/nl\/wp-json\/wp\/v2\/users\/1"}],"replies":[{"embeddable":true,"href":"https:\/\/visitincity.com\/nl\/wp-json\/wp\/v2\/comments?post=3"}],"version-history":[{"count":2,"href":"https:\/\/visitincity.com\/nl\/wp-json\/wp\/v2\/pages\/3\/revisions"}],"predecessor-version":[{"id":807,"href":"https:\/\/visitincity.com\/nl\/wp-json\/wp\/v2\/pages\/3\/revisions\/807"}],"wp:attachment":[{"href":"https:\/\/visitincity.com\/nl\/wp-json\/wp\/v2\/media?parent=3"}],"curies":[{"name":"wp","href":"https:\/\/api.w.org\/{rel}","templated":true}]}}