{"id":125,"date":"2018-11-02T10:41:38","date_gmt":"2018-11-02T10:41:38","guid":{"rendered":"http:\/\/listeo.wpengine.com\/?page_id=32"},"modified":"2024-07-28T16:09:49","modified_gmt":"2024-07-28T14:09:49","slug":"prestataires","status":"publish","type":"page","link":"https:\/\/visitincity.com\/nl\/prestataires\/","title":{"rendered":"Dienstverleners"},"content":{"rendered":"<div class=\"row margin-bottom-25\">\r\n\r\n\t\t\t\t\n\t<div class=\"col-md-3 col-xs-6\">\n\t\t<!-- Layout Switcher -->\n\t\t<div class=\"layout-switcher\">\n\t\t\t\t\t\t\t<a href=\"#\" data-layout=\"grid\" class=\"grid\"><i class=\"fa fa-th\"><\/i><\/a>\n\t\t\t\t<a href=\"#\" data-layout=\"list\" class=\"list\"><i class=\"fa fa-align-justify\"><\/i><\/a>\n\t\t\t\t\t<\/div>\n\t<\/div>\n\n\n<!-- Sorting \/ Layout Switcher -->\n\t<div class=\"col-md-9\">\n\t\t\t<div class=\"fullwidth-filters  ajax-search\">\n\n\t\t\t\t\t\t\t<!-- Panel Dropdown -->\n\t\t\t\t<div class=\"panel-dropdown wide float-right\" id=\"tax-listing_feature-panel\">\n\t\t\t\t\t<a href=\"#\">Meer filters<\/a>\n\t\t\t\t\t<div class=\"panel-dropdown-content checkboxes\">\n\t\t\t\t\t\t\t\t\t\t\t\t<div class=\"row\">\n\n\t\t\t\t\t\t\t\t\t\t\t\t\t\t\t<div class=\"notification warning\">\n\t\t\t\t\t\t\t\t\t<p>Kies een categorie om filters weer te geven<\/p>\n\t\t\t\t\t\t\t\t<\/div>\n\n\t\t\t\t\t\t\t\n\t\t\t\t\t\t<\/div>\n\n\t\t\t\t\t\t<!-- Buttons -->\n\t\t\t\t\t\t<div class=\"panel-buttons\">\n\t\t\t\t\t\t\t<span class=\"panel-cancel\">Annuleren<\/span>\n\t\t\t\t\t\t\t<button class=\"panel-apply\">Toepassen<\/button>\n\t\t\t\t\t\t<\/div>\n\n\t\t\t\t\t<\/div>\n\t\t\t\t<\/div>\n\t\t\t\t<!-- Panel Dropdown \/ End -->\n\t\t\t\n\t\t\t\t\t\t\t\t\t<!-- Panel Dropdown-->\n\t\t\t\t<div class=\"panel-dropdown float-right\">\n\t\t\t\t\t<a href=\"#\">Afstand Straal<\/a>\n\t\t\t\t\t<div class=\"panel-dropdown-content radius-dropdown\">\n\t\t\t\t\t\t\t\t\t\t\t\t<input form=\"listeo_core-search-form\" name=\"search_radius\" class=\"distance-radius\" type=\"range\" min=\"1\" max=\"100\" step=\"1\" value=\"\" data-title=\"Straal rond geselecteerde bestemming\">\n\t\t\t\t\t\t<div class=\"panel-buttons\">\n\t\t\t\t\t\t\t<span class=\"panel-disable\" data-disable=\"Uitschakelen\" data-enable=\"Inschakelen\">Uitschakelen<\/span>\n\t\t\t\t\t\t\t<button class=\"panel-apply\">Toepassen<\/button>\n\t\t\t\t\t\t<\/div>\n\t\t\t\t\t<\/div>\n\t\t\t\t<\/div>\n\t\t\t\t<!-- Panel Dropdown \/ End -->\n\t\t\t\n\t\t\t\t\t\t\t<!-- Sort by -->\n\t\t\t\t<div class=\"sort-by\">\n\t\t\t\t\t<div class=\"sort-by-select\">\n\t\t\t\t\t\t\t\t\t\t\t\t\t\t\t\t\t\t<select form=\"listeo_core-search-form\" name=\"listeo_core_order\" data-placeholder=\"Standaard volgorde\" class=\"select2-sortby orderby\">\n\t\t\t\t\t\t\t<option  value=\"default\">Standaard volgorde<\/option>\n\t\t\t\t\t\t\t\t\t\t\t\t\t\t\t\t\t\t\t\t\t\t<option  value=\"distance\" class=\"distance-sort\">\n\t\t\t\t\t\t\t\t\tNearest First\t\t\t\t\t\t\t\t<\/option>\n\t\t\t\t\t\t\t\t\t\t\t\t\t\t <option  value=\"highest-rated\">Hoogst gewaardeerd<\/option>\t\t\t\t\t\t\t\t\t\t\t\t\t\t<option  value=\"date-desc\">Nieuwste aanbiedingen<\/option>\t\t\t\t\t\t\t<option  value=\"date-asc\">Oudste aanbiedingen<\/option>\t\t\t\t\t\t\t<option  value=\"title\">Alfabetisch<\/option>\t\t\t\t\t\t\t<option  selected='selected' value=\"featured\">Aanbevolen<\/option>\t\t\t\t\t\t\t<option  value=\"views\">Meeste meningen<\/option>\t\t\t\t\t\t\t<option  value=\"verified\">Geverifieerd<\/option>\t\t\t\t\t\t\t<option  value=\"upcoming-event\">Komend evenement<\/option>\t\t\t\t\t\t\t<option  value=\"rand\">Willekeurig<\/option>\t\t\t\t\t\t<\/select>\n\t\t\t\t\t<\/div>\n\t\t\t\t<\/div>\n\t\t\t\t<!-- Sort by \/ End -->\n\t\t\t\n\t\t\t\n\t\t<\/div>\n\t\t<\/div>\t\t\t<\/div>\r\n\t\t<!-- Listings -->\r\n\r\n<div id=\"listeo-listings-container\" \r\ndata-counter=\"11\" \r\ndata-style=\"compact\"  \r\ndata-custom_class=\"\" \r\ndata-per_page=\"6\" \r\ndata-grid_columns=\"3\" \r\n data-region=\"\"  data-category=\"\"  data-feature=\"\" class=\"compact-layout row row  ajax-search\">\r\n\t<div class=\"loader-ajax-container\" > <div class=\"loader-ajax\"><\/div> <\/div><!-- Listing Item -->\r\n        <div class=\"col-lg-4 col-md-6\">\r\n                <a href=\"https:\/\/visitincity.com\/nl\/prestation\/aqualibi\/\"  class=\"listing-item-container listing-geo-data compact\" \r\n\t\tdata-title=\"aqualibi\"\r\n\t\tdata-listing-type=\"service\"\r\n\t\tdata-classifieds-price=\"&euro;\"\r\n\t\tdata-friendly-address=\"\"\r\n\t\tdata-address=\"Walibi Belgium, 100, Boulevard de l'Europe, Limal, Waver, Nijvel, Waals-Brabant, Walloni\u00eb, 1300, Belgi\u00eb\"\r\n\t\tdata-image=\"https:\/\/visitincity.com\/wp-content\/uploads\/2026\/02\/download-15-1.jpg\"\r\n\t\tdata-longitude=\"4.5899191\"\r\n\t\tdata-latitude=\"50.6988062\"\r\n\t\t\t\tdata-icon=\"&lt;i class=&quot;fab fa-500px&quot;&gt;&lt;\/i&gt;\"\r\n\r\n\t>\r\n            <div class=\"listing-item\">\r\n                <div class=\"listing-small-badges-container\">\r\n                                                                                \r\n                                        \r\n                                        \r\n                <\/div>\r\n                <img decoding=\"async\" src=\"https:\/\/visitincity.com\/wp-content\/uploads\/2026\/02\/download-15-1.jpg\" alt=\"aqualibi\" class=\"listing-thumbnail\">\r\n                                        <div class=\"listing-badge now-open\">Nu geopend<\/div>\r\n                        \r\n\r\n                <div class=\"listing-item-content\">\r\n                    \r\n                    <h3> aqualibi <\/h3>\r\n                    <span>Walibi Belgium, 100, Boulevard de l'Europe, Limal, Waver, Nijvel, Waals-Brabant, Walloni\u00eb, 1300, Belgi\u00eb<\/span>\r\n                <\/div>\r\n                                        <span class=\"save like-icon tooltip left\" title=\"Inloggen om items te bookmarken\"><\/span>\r\n                                                <\/div>\r\n        <\/a>\r\n                    <\/div>\r\n        \r\n\r\n        <!-- Listing Item \/ End --><!-- Listing Item -->\r\n        <div class=\"col-lg-4 col-md-6\">\r\n                <a href=\"https:\/\/visitincity.com\/nl\/prestation\/paintball\/\"  class=\"listing-item-container listing-geo-data compact\" \r\n\t\tdata-title=\"paintball\"\r\n\t\tdata-listing-type=\"service\"\r\n\t\tdata-classifieds-price=\"&euro;\"\r\n\t\tdata-friendly-address=\"\"\r\n\t\tdata-address=\"80, Rue de l'Etoile, Bierges, Waver, Nijvel, Waals-Brabant, Walloni\u00eb, 1301, Belgi\u00eb\"\r\n\t\tdata-image=\"https:\/\/visitincity.com\/wp-content\/uploads\/2026\/02\/download-7-1.jpg\"\r\n\t\tdata-longitude=\"4.5681798\"\r\n\t\tdata-latitude=\"50.7131872\"\r\n\t\t\t\tdata-icon=\"&lt;i class=&quot;fab fa-500px&quot;&gt;&lt;\/i&gt;\"\r\n\r\n\t>\r\n            <div class=\"listing-item\">\r\n                <div class=\"listing-small-badges-container\">\r\n                                                                                \r\n                                        \r\n                                        \r\n                <\/div>\r\n                <img decoding=\"async\" src=\"https:\/\/visitincity.com\/wp-content\/uploads\/2026\/02\/download-7-1.jpg\" alt=\"paintball\" class=\"listing-thumbnail\">\r\n                                            <div class=\"listing-badge now-closed\">Nu gesloten<\/div>\r\n                                        \r\n\r\n                <div class=\"listing-item-content\">\r\n                    \r\n                    <h3> paintball <\/h3>\r\n                    <span>80, Rue de l'Etoile, Bierges, Waver, Nijvel, Waals-Brabant, Walloni\u00eb, 1301, Belgi\u00eb<\/span>\r\n                <\/div>\r\n                                        <span class=\"save like-icon tooltip left\" title=\"Inloggen om items te bookmarken\"><\/span>\r\n                                                <\/div>\r\n        <\/a>\r\n                    <\/div>\r\n        \r\n\r\n        <!-- Listing Item \/ End --><!-- Listing Item -->\r\n        <div class=\"col-lg-4 col-md-6\">\r\n                <a href=\"https:\/\/visitincity.com\/nl\/prestation\/laser-game-2\/\"  class=\"listing-item-container listing-geo-data compact\" >\r\n            <div class=\"listing-item\">\r\n                <div class=\"listing-small-badges-container\">\r\n                                                                                \r\n                                        \r\n                                        \r\n                <\/div>\r\n                <img decoding=\"async\" src=\"https:\/\/visitincity.com\/wp-content\/uploads\/2026\/02\/download-3-4.jpg\" alt=\"laser game\" class=\"listing-thumbnail\">\r\n                                        <div class=\"listing-badge now-open\">Nu geopend<\/div>\r\n                        \r\n\r\n                <div class=\"listing-item-content\">\r\n                    \r\n                    <h3> laser game <\/h3>\r\n                    <span>Sint Michielswarande 97, 1040 Etterbeek<\/span>\r\n                <\/div>\r\n                                        <span class=\"save like-icon tooltip left\" title=\"Inloggen om items te bookmarken\"><\/span>\r\n                                                <\/div>\r\n        <\/a>\r\n                    <\/div>\r\n        \r\n\r\n        <!-- Listing Item \/ End --><!-- Listing Item -->\r\n        <div class=\"col-lg-4 col-md-6\">\r\n                <a href=\"https:\/\/visitincity.com\/nl\/prestation\/laser-game\/\"  class=\"listing-item-container listing-geo-data compact\" \r\n\t\tdata-title=\"laser game\"\r\n\t\tdata-listing-type=\"service\"\r\n\t\tdata-classifieds-price=\"&euro;\"\r\n\t\tdata-friendly-address=\"\"\r\n\t\tdata-address=\"97, Sint-Michielswarande, Etterbeek, Brussel-Hoofdstad, Brussel Hoofdstad, 1040, Belgi\u00eb\"\r\n\t\tdata-image=\"https:\/\/visitincity.com\/wp-content\/uploads\/2026\/02\/download-2-4.jpg\"\r\n\t\tdata-longitude=\"4.4006608\"\r\n\t\tdata-latitude=\"50.833734\"\r\n\t\t\t\tdata-icon=\"&lt;i class=&quot;fab fa-500px&quot;&gt;&lt;\/i&gt;\"\r\n\r\n\t>\r\n            <div class=\"listing-item\">\r\n                <div class=\"listing-small-badges-container\">\r\n                                                                                \r\n                                        \r\n                                        \r\n                <\/div>\r\n                <img decoding=\"async\" src=\"https:\/\/visitincity.com\/wp-content\/uploads\/2026\/02\/download-2-4.jpg\" alt=\"laser game\" class=\"listing-thumbnail\">\r\n                                        <div class=\"listing-badge now-open\">Nu geopend<\/div>\r\n                        \r\n\r\n                <div class=\"listing-item-content\">\r\n                    \r\n                    <h3> laser game <\/h3>\r\n                    <span>97, Sint-Michielswarande, Etterbeek, Brussel-Hoofdstad, Brussel Hoofdstad, 1040, Belgi\u00eb<\/span>\r\n                <\/div>\r\n                                        <span class=\"save like-icon tooltip left\" title=\"Inloggen om items te bookmarken\"><\/span>\r\n                                                <\/div>\r\n        <\/a>\r\n                    <\/div>\r\n        \r\n\r\n        <!-- Listing Item \/ End --><!-- Listing Item -->\r\n        <div class=\"col-lg-4 col-md-6\">\r\n                <a href=\"https:\/\/visitincity.com\/nl\/prestation\/jump-xl-brussels\/\"  class=\"listing-item-container listing-geo-data compact\" \r\n\t\tdata-title=\"jump XL Brussels\"\r\n\t\tdata-listing-type=\"service\"\r\n\t\tdata-classifieds-price=\"&euro;\"\r\n\t\tdata-friendly-address=\"\"\r\n\t\tdata-address=\"2, Tielemansstraat, Tivoli, Laken, Brussel, Brussel-Hoofdstad, Brussel Hoofdstad, 1020, Belgi\u00eb\"\r\n\t\tdata-image=\"https:\/\/visitincity.com\/wp-content\/uploads\/2026\/02\/daag-elkaar-uit-en-tracht-520x397.jpg\"\r\n\t\tdata-longitude=\"4.3460898\"\r\n\t\tdata-latitude=\"50.8751064\"\r\n\t\t\t\tdata-icon=\"&lt;i class=&quot;fab fa-500px&quot;&gt;&lt;\/i&gt;\"\r\n\r\n\t>\r\n            <div class=\"listing-item\">\r\n                <div class=\"listing-small-badges-container\">\r\n                                                                                \r\n                                        \r\n                                        \r\n                <\/div>\r\n                <img decoding=\"async\" src=\"https:\/\/visitincity.com\/wp-content\/uploads\/2026\/02\/daag-elkaar-uit-en-tracht-520x397.jpg\" alt=\"jump XL Brussels\" class=\"listing-thumbnail\">\r\n                                        <div class=\"listing-badge now-open\">Nu geopend<\/div>\r\n                        \r\n\r\n                <div class=\"listing-item-content\">\r\n                    \r\n                    <h3> jump XL Brussels <\/h3>\r\n                    <span>2, Tielemansstraat, Tivoli, Laken, Brussel, Brussel-Hoofdstad, Brussel Hoofdstad, 1020, Belgi\u00eb<\/span>\r\n                <\/div>\r\n                                        <span class=\"save like-icon tooltip left\" title=\"Inloggen om items te bookmarken\"><\/span>\r\n                                                <\/div>\r\n        <\/a>\r\n                    <\/div>\r\n        \r\n\r\n        <!-- Listing Item \/ End --><!-- Listing Item -->\r\n        <div class=\"col-lg-4 col-md-6\">\r\n                <a href=\"https:\/\/visitincity.com\/nl\/prestation\/koezio\/\"  class=\"listing-item-container listing-geo-data compact\" \r\n\t\tdata-title=\"koezio\"\r\n\t\tdata-listing-type=\"service\"\r\n\t\tdata-classifieds-price=\"&euro;\"\r\n\t\tdata-friendly-address=\"\"\r\n\t\tdata-address=\"Docks Bruxsel, 1, Lambermontlaan, Brussel, Brussel-Hoofdstad, Brussel Hoofdstad, 1000, Belgi\u00eb\"\r\n\t\tdata-image=\"https:\/\/visitincity.com\/wp-content\/uploads\/2026\/02\/download-9.jpg\"\r\n\t\tdata-longitude=\"4.3731797\"\r\n\t\tdata-latitude=\"50.8796689\"\r\n\t\t\t\tdata-icon=\"&lt;i class=&quot;fab fa-500px&quot;&gt;&lt;\/i&gt;\"\r\n\r\n\t>\r\n            <div class=\"listing-item\">\r\n                <div class=\"listing-small-badges-container\">\r\n                                                                                \r\n                                        \r\n                                        \r\n                <\/div>\r\n                <img decoding=\"async\" src=\"https:\/\/visitincity.com\/wp-content\/uploads\/2026\/02\/download-9.jpg\" alt=\"koezio\" class=\"listing-thumbnail\">\r\n                                        <div class=\"listing-badge now-open\">Nu geopend<\/div>\r\n                        \r\n\r\n                <div class=\"listing-item-content\">\r\n                    \r\n                    <h3> koezio <\/h3>\r\n                    <span>Docks Bruxsel, 1, Lambermontlaan, Brussel, Brussel-Hoofdstad, Brussel Hoofdstad, 1000, Belgi\u00eb<\/span>\r\n                <\/div>\r\n                                        <span class=\"save like-icon tooltip left\" title=\"Inloggen om items te bookmarken\"><\/span>\r\n                                                <\/div>\r\n        <\/a>\r\n                    <\/div>\r\n        \r\n\r\n        <!-- Listing Item \/ End -->\t\t\t<\/div>\r\n\t\t\t\t\t\t\t<div class=\"pagination-container margin-top-20 margin-bottom-20 ajax-search\">\r\n\t\t\t\t\t<nav class=\"pagination margin-top-30\"><ul class=\"pagination\"><li class=\"current\" data-paged=\"1\"><a href=\"#\">1 <\/a><\/li><li data-paged=\"2\"><a href=\"#\">2<\/a><\/li><\/ul><\/nav>\t\t\t\t<\/div>","protected":false},"excerpt":{"rendered":"","protected":false},"author":1,"featured_media":0,"parent":0,"menu_order":0,"comment_status":"closed","ping_status":"closed","template":"template-listings-map.php","meta":{"footnotes":""},"class_list":["post-125","page","type-page","status-publish","hentry"],"yoast_head":"<!-- This site is optimized with the Yoast SEO plugin v26.8 - https:\/\/yoast.com\/product\/yoast-seo-wordpress\/ -->\n<title>Prestataires - Visit In City<\/title>\n<meta name=\"description\" content=\"Explorez toutes les prestations disponibles. D\u00e9couvrez une large gamme d&#039;activit\u00e9s, services, et exp\u00e9riences pour un s\u00e9jour inoubliable.\" \/>\n<meta name=\"robots\" content=\"index, follow, max-snippet:-1, max-image-preview:large, max-video-preview:-1\" \/>\n<link rel=\"canonical\" href=\"https:\/\/visitincity.com\/nl\/prestataires\/\" \/>\n<meta property=\"og:locale\" content=\"nl_NL\" \/>\n<meta property=\"og:type\" content=\"article\" \/>\n<meta property=\"og:title\" content=\"Prestataires - Visit In City\" \/>\n<meta property=\"og:description\" content=\"Explorez toutes les prestations disponibles. D\u00e9couvrez une large gamme d&#039;activit\u00e9s, services, et exp\u00e9riences pour un s\u00e9jour inoubliable.\" \/>\n<meta property=\"og:url\" content=\"https:\/\/visitincity.com\/nl\/prestataires\/\" \/>\n<meta property=\"og:site_name\" content=\"Visit In City\" \/>\n<meta property=\"article:modified_time\" content=\"2024-07-28T14:09:49+00:00\" \/>\n<meta name=\"twitter:card\" content=\"summary_large_image\" \/>\n<meta name=\"twitter:label1\" content=\"Geschatte leestijd\" \/>\n\t<meta name=\"twitter:data1\" content=\"1 minuut\" \/>\n<script type=\"application\/ld+json\" class=\"yoast-schema-graph\">{\"@context\":\"https:\/\/schema.org\",\"@graph\":[{\"@type\":\"WebPage\",\"@id\":\"https:\/\/visitincity.com\/prestataires\/\",\"url\":\"https:\/\/visitincity.com\/prestataires\/\",\"name\":\"Prestataires - Visit In City\",\"isPartOf\":{\"@id\":\"https:\/\/visitincity.com\/#website\"},\"datePublished\":\"2018-11-02T10:41:38+00:00\",\"dateModified\":\"2024-07-28T14:09:49+00:00\",\"description\":\"Explorez toutes les prestations disponibles. D\u00e9couvrez une large gamme d'activit\u00e9s, services, et exp\u00e9riences pour un s\u00e9jour inoubliable.\",\"breadcrumb\":{\"@id\":\"https:\/\/visitincity.com\/prestataires\/#breadcrumb\"},\"inLanguage\":\"nl-NL\",\"potentialAction\":[{\"@type\":\"ReadAction\",\"target\":[\"https:\/\/visitincity.com\/prestataires\/\"]}]},{\"@type\":\"BreadcrumbList\",\"@id\":\"https:\/\/visitincity.com\/prestataires\/#breadcrumb\",\"itemListElement\":[{\"@type\":\"ListItem\",\"position\":1,\"name\":\"Accueil\",\"item\":\"https:\/\/visitincity.com\/\"},{\"@type\":\"ListItem\",\"position\":2,\"name\":\"Prestataires\"}]},{\"@type\":\"WebSite\",\"@id\":\"https:\/\/visitincity.com\/#website\",\"url\":\"https:\/\/visitincity.com\/\",\"name\":\"Visit In City\",\"description\":\"\",\"publisher\":{\"@id\":\"https:\/\/visitincity.com\/#organization\"},\"potentialAction\":[{\"@type\":\"SearchAction\",\"target\":{\"@type\":\"EntryPoint\",\"urlTemplate\":\"https:\/\/visitincity.com\/?s={search_term_string}\"},\"query-input\":{\"@type\":\"PropertyValueSpecification\",\"valueRequired\":true,\"valueName\":\"search_term_string\"}}],\"inLanguage\":\"nl-NL\"},{\"@type\":\"Organization\",\"@id\":\"https:\/\/visitincity.com\/#organization\",\"name\":\"Visit In City\",\"url\":\"https:\/\/visitincity.com\/\",\"logo\":{\"@type\":\"ImageObject\",\"inLanguage\":\"nl-NL\",\"@id\":\"https:\/\/visitincity.com\/#\/schema\/logo\/image\/\",\"url\":\"https:\/\/visitincity.com\/wp-content\/uploads\/2024\/07\/visitincity_110724_AJ-04.png\",\"contentUrl\":\"https:\/\/visitincity.com\/wp-content\/uploads\/2024\/07\/visitincity_110724_AJ-04.png\",\"width\":2084,\"height\":2084,\"caption\":\"Visit In City\"},\"image\":{\"@id\":\"https:\/\/visitincity.com\/#\/schema\/logo\/image\/\"}}]}<\/script>\n<!-- \/ Yoast SEO plugin. -->","yoast_head_json":{"title":"Prestataires - Visit In City","description":"Explorez toutes les prestations disponibles. D\u00e9couvrez une large gamme d'activit\u00e9s, services, et exp\u00e9riences pour un s\u00e9jour inoubliable.","robots":{"index":"index","follow":"follow","max-snippet":"max-snippet:-1","max-image-preview":"max-image-preview:large","max-video-preview":"max-video-preview:-1"},"canonical":"https:\/\/visitincity.com\/nl\/prestataires\/","og_locale":"nl_NL","og_type":"article","og_title":"Prestataires - Visit In City","og_description":"Explorez toutes les prestations disponibles. D\u00e9couvrez une large gamme d'activit\u00e9s, services, et exp\u00e9riences pour un s\u00e9jour inoubliable.","og_url":"https:\/\/visitincity.com\/nl\/prestataires\/","og_site_name":"Visit In City","article_modified_time":"2024-07-28T14:09:49+00:00","twitter_card":"summary_large_image","twitter_misc":{"Geschatte leestijd":"1 minuut"},"schema":{"@context":"https:\/\/schema.org","@graph":[{"@type":"WebPage","@id":"https:\/\/visitincity.com\/prestataires\/","url":"https:\/\/visitincity.com\/prestataires\/","name":"Prestataires - Visit In City","isPartOf":{"@id":"https:\/\/visitincity.com\/#website"},"datePublished":"2018-11-02T10:41:38+00:00","dateModified":"2024-07-28T14:09:49+00:00","description":"Explorez toutes les prestations disponibles. D\u00e9couvrez une large gamme d'activit\u00e9s, services, et exp\u00e9riences pour un s\u00e9jour inoubliable.","breadcrumb":{"@id":"https:\/\/visitincity.com\/prestataires\/#breadcrumb"},"inLanguage":"nl-NL","potentialAction":[{"@type":"ReadAction","target":["https:\/\/visitincity.com\/prestataires\/"]}]},{"@type":"BreadcrumbList","@id":"https:\/\/visitincity.com\/prestataires\/#breadcrumb","itemListElement":[{"@type":"ListItem","position":1,"name":"Accueil","item":"https:\/\/visitincity.com\/"},{"@type":"ListItem","position":2,"name":"Prestataires"}]},{"@type":"WebSite","@id":"https:\/\/visitincity.com\/#website","url":"https:\/\/visitincity.com\/","name":"Bezoek in de stad","description":"","publisher":{"@id":"https:\/\/visitincity.com\/#organization"},"potentialAction":[{"@type":"SearchAction","target":{"@type":"EntryPoint","urlTemplate":"https:\/\/visitincity.com\/?s={search_term_string}"},"query-input":{"@type":"PropertyValueSpecification","valueRequired":true,"valueName":"search_term_string"}}],"inLanguage":"nl-NL"},{"@type":"Organization","@id":"https:\/\/visitincity.com\/#organization","name":"Bezoek in de stad","url":"https:\/\/visitincity.com\/","logo":{"@type":"ImageObject","inLanguage":"nl-NL","@id":"https:\/\/visitincity.com\/#\/schema\/logo\/image\/","url":"https:\/\/visitincity.com\/wp-content\/uploads\/2024\/07\/visitincity_110724_AJ-04.png","contentUrl":"https:\/\/visitincity.com\/wp-content\/uploads\/2024\/07\/visitincity_110724_AJ-04.png","width":2084,"height":2084,"caption":"Visit In City"},"image":{"@id":"https:\/\/visitincity.com\/#\/schema\/logo\/image\/"}}]}},"_links":{"self":[{"href":"https:\/\/visitincity.com\/nl\/wp-json\/wp\/v2\/pages\/125","targetHints":{"allow":["GET"]}}],"collection":[{"href":"https:\/\/visitincity.com\/nl\/wp-json\/wp\/v2\/pages"}],"about":[{"href":"https:\/\/visitincity.com\/nl\/wp-json\/wp\/v2\/types\/page"}],"author":[{"embeddable":true,"href":"https:\/\/visitincity.com\/nl\/wp-json\/wp\/v2\/users\/1"}],"replies":[{"embeddable":true,"href":"https:\/\/visitincity.com\/nl\/wp-json\/wp\/v2\/comments?post=125"}],"version-history":[{"count":3,"href":"https:\/\/visitincity.com\/nl\/wp-json\/wp\/v2\/pages\/125\/revisions"}],"predecessor-version":[{"id":440,"href":"https:\/\/visitincity.com\/nl\/wp-json\/wp\/v2\/pages\/125\/revisions\/440"}],"wp:attachment":[{"href":"https:\/\/visitincity.com\/nl\/wp-json\/wp\/v2\/media?parent=125"}],"curies":[{"name":"wp","href":"https:\/\/api.w.org\/{rel}","templated":true}]}}