{"id":460,"date":"2024-07-06T04:16:28","date_gmt":"2024-07-06T02:16:28","guid":{"rendered":"https:\/\/visitincity.com\/?post_type=product&#038;p=460"},"modified":"2024-07-06T04:17:04","modified_gmt":"2024-07-06T02:17:04","slug":"synthese-sur-le-code-de-la-route","status":"publish","type":"product","link":"https:\/\/visitincity.com\/es\/producto\/synthese-sur-le-code-de-la-route\/","title":{"rendered":"Resumen del C\u00f3digo de la Circulaci\u00f3n"},"content":{"rendered":"<p>\u00bfTe gustar\u00eda estudiar y aprobar el te\u00f3rico del carn\u00e9 de conducir B con un resumen que va directo al grano?<br \/>\nEso es lo que necesitas.<br \/>\nCombinado con el acceso a la formaci\u00f3n <strong>=<\/strong> \u00c9xito garantizado.<\/p>\n<p>&nbsp;<\/p>\n<p><strong>Una vez adquirido, recibir\u00e1 el resumen directamente por correo electr\u00f3nico.<\/strong><\/p>","protected":false},"excerpt":{"rendered":"<p>Envie d\u2019\u00e9tudier et r\u00e9ussir votre th\u00e9orie du permis B avec une synth\u00e8se qui va \u00e0 l\u2019essentiel ? C\u2019est ce qu\u2019il vous faut. Combin\u00e9 avec les acc\u00e8s entra\u00eenements = R\u00e9ussite assur\u00e9. &nbsp; Une fois achet\u00e9, vous recevez la synth\u00e8se directement par email.<\/p>","protected":false},"featured_media":462,"template":"","meta":[],"product_brand":[],"product_cat":[55],"product_tag":[],"class_list":{"0":"post-460","1":"product","2":"type-product","3":"status-publish","4":"has-post-thumbnail","6":"product_cat-uncategorized","8":"first","9":"instock","10":"sale","11":"downloadable","12":"shipping-taxable","13":"purchasable","14":"product-type-simple"},"yoast_head":"<!-- This site is optimized with the Yoast SEO plugin v26.8 - https:\/\/yoast.com\/product\/yoast-seo-wordpress\/ -->\n<title>Synth\u00e8se sur le code de la route - Visit In City<\/title>\n<meta name=\"robots\" content=\"index, follow, max-snippet:-1, max-image-preview:large, max-video-preview:-1\" \/>\n<link rel=\"canonical\" href=\"https:\/\/visitincity.com\/es\/producto\/synthese-sur-le-code-de-la-route\/\" \/>\n<meta property=\"og:locale\" content=\"es_ES\" \/>\n<meta property=\"og:type\" content=\"article\" \/>\n<meta property=\"og:title\" content=\"Synth\u00e8se sur le code de la route - Visit In City\" \/>\n<meta property=\"og:description\" content=\"Envie d\u2019\u00e9tudier et r\u00e9ussir votre th\u00e9orie du permis B avec une synth\u00e8se qui va \u00e0 l\u2019essentiel ? C\u2019est ce qu\u2019il vous faut. Combin\u00e9 avec les acc\u00e8s entra\u00eenements = R\u00e9ussite assur\u00e9. &nbsp; Une fois achet\u00e9, vous recevez la synth\u00e8se directement par email.\" \/>\n<meta property=\"og:url\" content=\"https:\/\/visitincity.com\/es\/producto\/synthese-sur-le-code-de-la-route\/\" \/>\n<meta property=\"og:site_name\" content=\"Visit In City\" \/>\n<meta property=\"article:modified_time\" content=\"2024-07-06T02:17:04+00:00\" \/>\n<meta property=\"og:image\" content=\"https:\/\/visitincity.com\/wp-content\/uploads\/2024\/07\/Screenshot-2024-06-15-at-18.06.22.png\" \/>\n\t<meta property=\"og:image:width\" content=\"1020\" \/>\n\t<meta property=\"og:image:height\" content=\"752\" \/>\n\t<meta property=\"og:image:type\" content=\"image\/png\" \/>\n<meta name=\"twitter:card\" content=\"summary_large_image\" \/>\n<script type=\"application\/ld+json\" class=\"yoast-schema-graph\">{\"@context\":\"https:\/\/schema.org\",\"@graph\":[{\"@type\":\"WebPage\",\"@id\":\"https:\/\/visitincity.com\/produit\/synthese-sur-le-code-de-la-route\/\",\"url\":\"https:\/\/visitincity.com\/produit\/synthese-sur-le-code-de-la-route\/\",\"name\":\"Synth\u00e8se sur le code de la route - Visit In City\",\"isPartOf\":{\"@id\":\"https:\/\/visitincity.com\/#website\"},\"primaryImageOfPage\":{\"@id\":\"https:\/\/visitincity.com\/produit\/synthese-sur-le-code-de-la-route\/#primaryimage\"},\"image\":{\"@id\":\"https:\/\/visitincity.com\/produit\/synthese-sur-le-code-de-la-route\/#primaryimage\"},\"thumbnailUrl\":\"https:\/\/visitincity.com\/wp-content\/uploads\/2024\/07\/Screenshot-2024-06-15-at-18.06.22.png\",\"datePublished\":\"2024-07-06T02:16:28+00:00\",\"dateModified\":\"2024-07-06T02:17:04+00:00\",\"breadcrumb\":{\"@id\":\"https:\/\/visitincity.com\/produit\/synthese-sur-le-code-de-la-route\/#breadcrumb\"},\"inLanguage\":\"es\",\"potentialAction\":[{\"@type\":\"ReadAction\",\"target\":[\"https:\/\/visitincity.com\/produit\/synthese-sur-le-code-de-la-route\/\"]}]},{\"@type\":\"ImageObject\",\"inLanguage\":\"es\",\"@id\":\"https:\/\/visitincity.com\/produit\/synthese-sur-le-code-de-la-route\/#primaryimage\",\"url\":\"https:\/\/visitincity.com\/wp-content\/uploads\/2024\/07\/Screenshot-2024-06-15-at-18.06.22.png\",\"contentUrl\":\"https:\/\/visitincity.com\/wp-content\/uploads\/2024\/07\/Screenshot-2024-06-15-at-18.06.22.png\",\"width\":1020,\"height\":752},{\"@type\":\"BreadcrumbList\",\"@id\":\"https:\/\/visitincity.com\/produit\/synthese-sur-le-code-de-la-route\/#breadcrumb\",\"itemListElement\":[{\"@type\":\"ListItem\",\"position\":1,\"name\":\"Accueil\",\"item\":\"https:\/\/visitincity.com\/\"},{\"@type\":\"ListItem\",\"position\":2,\"name\":\"Produits\",\"item\":\"https:\/\/visitincity.com\/shop\/\"},{\"@type\":\"ListItem\",\"position\":3,\"name\":\"Synth\u00e8se sur le code de la route\"}]},{\"@type\":\"WebSite\",\"@id\":\"https:\/\/visitincity.com\/#website\",\"url\":\"https:\/\/visitincity.com\/\",\"name\":\"Visit In City\",\"description\":\"\",\"publisher\":{\"@id\":\"https:\/\/visitincity.com\/#organization\"},\"potentialAction\":[{\"@type\":\"SearchAction\",\"target\":{\"@type\":\"EntryPoint\",\"urlTemplate\":\"https:\/\/visitincity.com\/?s={search_term_string}\"},\"query-input\":{\"@type\":\"PropertyValueSpecification\",\"valueRequired\":true,\"valueName\":\"search_term_string\"}}],\"inLanguage\":\"es\"},{\"@type\":\"Organization\",\"@id\":\"https:\/\/visitincity.com\/#organization\",\"name\":\"Visit In City\",\"url\":\"https:\/\/visitincity.com\/\",\"logo\":{\"@type\":\"ImageObject\",\"inLanguage\":\"es\",\"@id\":\"https:\/\/visitincity.com\/#\/schema\/logo\/image\/\",\"url\":\"https:\/\/visitincity.com\/wp-content\/uploads\/2024\/07\/visitincity_110724_AJ-04.png\",\"contentUrl\":\"https:\/\/visitincity.com\/wp-content\/uploads\/2024\/07\/visitincity_110724_AJ-04.png\",\"width\":2084,\"height\":2084,\"caption\":\"Visit In City\"},\"image\":{\"@id\":\"https:\/\/visitincity.com\/#\/schema\/logo\/image\/\"}}]}<\/script>\n<!-- \/ Yoast SEO plugin. -->","yoast_head_json":{"title":"Synth\u00e8se sur le code de la route - Visit In City","robots":{"index":"index","follow":"follow","max-snippet":"max-snippet:-1","max-image-preview":"max-image-preview:large","max-video-preview":"max-video-preview:-1"},"canonical":"https:\/\/visitincity.com\/es\/producto\/synthese-sur-le-code-de-la-route\/","og_locale":"es_ES","og_type":"article","og_title":"Synth\u00e8se sur le code de la route - Visit In City","og_description":"Envie d\u2019\u00e9tudier et r\u00e9ussir votre th\u00e9orie du permis B avec une synth\u00e8se qui va \u00e0 l\u2019essentiel ? C\u2019est ce qu\u2019il vous faut. Combin\u00e9 avec les acc\u00e8s entra\u00eenements = R\u00e9ussite assur\u00e9. &nbsp; Une fois achet\u00e9, vous recevez la synth\u00e8se directement par email.","og_url":"https:\/\/visitincity.com\/es\/producto\/synthese-sur-le-code-de-la-route\/","og_site_name":"Visit In City","article_modified_time":"2024-07-06T02:17:04+00:00","og_image":[{"width":1020,"height":752,"url":"https:\/\/visitincity.com\/wp-content\/uploads\/2024\/07\/Screenshot-2024-06-15-at-18.06.22.png","type":"image\/png"}],"twitter_card":"summary_large_image","schema":{"@context":"https:\/\/schema.org","@graph":[{"@type":"WebPage","@id":"https:\/\/visitincity.com\/produit\/synthese-sur-le-code-de-la-route\/","url":"https:\/\/visitincity.com\/produit\/synthese-sur-le-code-de-la-route\/","name":"Synth\u00e8se sur le code de la route - Visit In City","isPartOf":{"@id":"https:\/\/visitincity.com\/#website"},"primaryImageOfPage":{"@id":"https:\/\/visitincity.com\/produit\/synthese-sur-le-code-de-la-route\/#primaryimage"},"image":{"@id":"https:\/\/visitincity.com\/produit\/synthese-sur-le-code-de-la-route\/#primaryimage"},"thumbnailUrl":"https:\/\/visitincity.com\/wp-content\/uploads\/2024\/07\/Screenshot-2024-06-15-at-18.06.22.png","datePublished":"2024-07-06T02:16:28+00:00","dateModified":"2024-07-06T02:17:04+00:00","breadcrumb":{"@id":"https:\/\/visitincity.com\/produit\/synthese-sur-le-code-de-la-route\/#breadcrumb"},"inLanguage":"es","potentialAction":[{"@type":"ReadAction","target":["https:\/\/visitincity.com\/produit\/synthese-sur-le-code-de-la-route\/"]}]},{"@type":"ImageObject","inLanguage":"es","@id":"https:\/\/visitincity.com\/produit\/synthese-sur-le-code-de-la-route\/#primaryimage","url":"https:\/\/visitincity.com\/wp-content\/uploads\/2024\/07\/Screenshot-2024-06-15-at-18.06.22.png","contentUrl":"https:\/\/visitincity.com\/wp-content\/uploads\/2024\/07\/Screenshot-2024-06-15-at-18.06.22.png","width":1020,"height":752},{"@type":"BreadcrumbList","@id":"https:\/\/visitincity.com\/produit\/synthese-sur-le-code-de-la-route\/#breadcrumb","itemListElement":[{"@type":"ListItem","position":1,"name":"Accueil","item":"https:\/\/visitincity.com\/"},{"@type":"ListItem","position":2,"name":"Produits","item":"https:\/\/visitincity.com\/shop\/"},{"@type":"ListItem","position":3,"name":"Synth\u00e8se sur le code de la route"}]},{"@type":"WebSite","@id":"https:\/\/visitincity.com\/#website","url":"https:\/\/visitincity.com\/","name":"Visita en la ciudad","description":"","publisher":{"@id":"https:\/\/visitincity.com\/#organization"},"potentialAction":[{"@type":"SearchAction","target":{"@type":"EntryPoint","urlTemplate":"https:\/\/visitincity.com\/?s={search_term_string}"},"query-input":{"@type":"PropertyValueSpecification","valueRequired":true,"valueName":"search_term_string"}}],"inLanguage":"es"},{"@type":"Organization","@id":"https:\/\/visitincity.com\/#organization","name":"Visita en la ciudad","url":"https:\/\/visitincity.com\/","logo":{"@type":"ImageObject","inLanguage":"es","@id":"https:\/\/visitincity.com\/#\/schema\/logo\/image\/","url":"https:\/\/visitincity.com\/wp-content\/uploads\/2024\/07\/visitincity_110724_AJ-04.png","contentUrl":"https:\/\/visitincity.com\/wp-content\/uploads\/2024\/07\/visitincity_110724_AJ-04.png","width":2084,"height":2084,"caption":"Visit In City"},"image":{"@id":"https:\/\/visitincity.com\/#\/schema\/logo\/image\/"}}]}},"_links":{"self":[{"href":"https:\/\/visitincity.com\/es\/wp-json\/wp\/v2\/product\/460","targetHints":{"allow":["GET"]}}],"collection":[{"href":"https:\/\/visitincity.com\/es\/wp-json\/wp\/v2\/product"}],"about":[{"href":"https:\/\/visitincity.com\/es\/wp-json\/wp\/v2\/types\/product"}],"wp:featuredmedia":[{"embeddable":true,"href":"https:\/\/visitincity.com\/es\/wp-json\/wp\/v2\/media\/462"}],"wp:attachment":[{"href":"https:\/\/visitincity.com\/es\/wp-json\/wp\/v2\/media?parent=460"}],"wp:term":[{"taxonomy":"product_brand","embeddable":true,"href":"https:\/\/visitincity.com\/es\/wp-json\/wp\/v2\/product_brand?post=460"},{"taxonomy":"product_cat","embeddable":true,"href":"https:\/\/visitincity.com\/es\/wp-json\/wp\/v2\/product_cat?post=460"},{"taxonomy":"product_tag","embeddable":true,"href":"https:\/\/visitincity.com\/es\/wp-json\/wp\/v2\/product_tag?post=460"}],"curies":[{"name":"wp","href":"https:\/\/api.w.org\/{rel}","templated":true}]}}