{"id":3,"date":"2024-06-26T12:06:42","date_gmt":"2024-06-26T10:06:42","guid":{"rendered":"http:\/\/visitincity.com\/?page_id=3"},"modified":"2024-09-11T20:17:18","modified_gmt":"2024-09-11T18:17:18","slug":"politique-de-confidentialite","status":"publish","type":"page","link":"https:\/\/visitincity.com\/es\/politique-de-confidentialite\/","title":{"rendered":"Pol\u00edtica de privacidad"},"content":{"rendered":"<h4 class=\"wp-block-heading\">Fecha de modificaci\u00f3n: septiembre de 2024<\/h4>\n\n\n\n<p><strong>Al utilizar esta plataforma y las herramientas disponibles en ella o relacionadas con ella, usted acepta los siguientes t\u00e9rminos y condiciones, que encontrar\u00e1 a continuaci\u00f3n: los t\u00e9rminos y condiciones relativos a la protecci\u00f3n de la privacidad, las normas relativas a las cookies y el aviso legal.<\/strong><\/p>\n\n\n\n<h2 class=\"wp-block-heading\">\u00bfQui\u00e9nes somos?<\/h2>\n\n\n\n<p><strong>Visitar la ciudad<\/strong><br><strong>P\u00e1gina web<\/strong>\u00a0: www.visitincity.com<\/p>\n\n\n\n<p><strong>Webmaster<\/strong><br><strong>Nombre<\/strong>&nbsp;Amk crea<br><strong>Correo electr\u00f3nico<\/strong>&nbsp;:<a href=\"mailto:amkcrea@gmail.com\">&nbsp;amkcrea@gmail.com<\/a><\/p>\n\n\n\n<p><strong>Anfitri\u00f3n<\/strong><br><strong>Empresa :\u00a0<\/strong>OVH<br><strong>P\u00e1gina web<\/strong>:\u00a0<a href=\"http:\/\/OVH.com\/\">www.ovh.com<\/a><\/p>\n\n\n\n<h4 class=\"wp-block-heading\"><strong>Comentarios<\/strong><\/h4>\n\n\n\n<p>Lorsque vous laissez un commentaire sur notre site, nous collectons les donn\u00e9es inscrites dans le formulaire de commentaire, ainsi que votre adresse IP et l&rsquo;agent utilisateur de votre navigateur pour nous aider \u00e0 la d\u00e9tection des commentaires ind\u00e9sirables.<\/p>\n\n\n\n<p>Una cadena an\u00f3nima creada a partir de su direcci\u00f3n de correo electr\u00f3nico (llamada hash) puede ser enviada al servicio Gravatar para comprobar si usted la est\u00e1 utilizando. Las cl\u00e1usulas de confidencialidad del servicio Gravatar est\u00e1n disponibles aqu\u00ed : <a href=\"https:\/\/automattic.com\/privacy\">https:\/\/automattic.com\/privacy<\/a>. Una vez validado tu comentario, tu foto de perfil ser\u00e1 visible p\u00fablicamente junto a tu comentario.<\/p>\n\n\n\n<h4 class=\"wp-block-heading\"><strong>Media<\/strong><\/h4>\n\n\n\n<p>Si sube im\u00e1genes al sitio, le aconsejamos que evite subir im\u00e1genes que contengan datos EXIF de coordenadas GPS. Los visitantes del sitio pueden descargar y extraer datos de localizaci\u00f3n de estas im\u00e1genes.<\/p>\n\n\n\n<h4 class=\"wp-block-heading\"><strong>Cookies<\/strong><\/h4>\n\n\n\n<p>Si deja un comentario en nuestro sitio, se le pedir\u00e1 que guarde su nombre, direcci\u00f3n de correo electr\u00f3nico y sitio en cookies. Estas cookies caducan al cabo de un a\u00f1o.<br>Si inicia sesi\u00f3n, instalaremos una serie de cookies para almacenar sus datos de inicio de sesi\u00f3n y sus preferencias de pantalla. Si marca \u00abRecordarme\u00bb, su cookie de inicio de sesi\u00f3n se almacenar\u00e1 durante quince d\u00edas. Si cierra la sesi\u00f3n, se borrar\u00e1 la cookie de inicio de sesi\u00f3n.<\/p>\n\n\n\n<h4 class=\"wp-block-heading\"><strong>Contenidos integrados de otros sitios<\/strong><\/h4>\n\n\n\n<p>Los art\u00edculos de este sitio pueden incluir contenido incrustado (por ejemplo, v\u00eddeos, im\u00e1genes, art\u00edculos). El contenido incrustado de otros sitios se comporta de la misma manera que si el visitante fuera a ese otro sitio. Estos sitios web pueden recopilar datos sobre usted, utilizar cookies, integrar herramientas de seguimiento de terceros y rastrear sus interacciones con este contenido incrustado.<\/p>\n\n\n\n<h4 class=\"wp-block-heading\"><strong>Uso y divulgaci\u00f3n de sus datos personales<\/strong><\/h4>\n\n\n\n<p>Si solicita un restablecimiento de contrase\u00f1a, su direcci\u00f3n IP se incluir\u00e1 en el correo electr\u00f3nico de restablecimiento.<\/p>\n\n\n\n<h4 class=\"wp-block-heading\"><strong>Duraci\u00f3n del almacenamiento de sus datos<\/strong><\/h4>\n\n\n\n<p>Si deja un comentario, \u00e9ste y sus metadatos se conservan indefinidamente. Esto permite que los comentarios posteriores se reconozcan y aprueben autom\u00e1ticamente en lugar de quedarse en la cola de moderaci\u00f3n.<br>Pour les comptes inscrits sur notre site, nous stockons \u00e9galement les donn\u00e9es personnelles indiqu\u00e9es dans leur profil. Tous les comptes peuvent voir, modifier ou supprimer leurs informations personnelles \u00e0 tout moment (\u00e0 l&rsquo;exception de leur identifiant). Les gestionnaires du site peuvent aussi voir et modifier ces informations.<\/p>\n\n\n\n<h4 class=\"wp-block-heading\"><strong>Los derechos que tiene sobre sus datos<\/strong><\/h4>\n\n\n\n<p>Si vous avez un compte ou si vous avez laiss\u00e9 des commentaires sur le site, vous pouvez demander \u00e0 recevoir un fichier contenant toutes les donn\u00e9es personnelles que nous poss\u00e9dons \u00e0 votre sujet. Vous pouvez \u00e9galement demander la suppression de ces donn\u00e9es, \u00e0 l&rsquo;exception des donn\u00e9es stock\u00e9es \u00e0 des fins administratives, l\u00e9gales ou pour des raisons de s\u00e9curit\u00e9.<\/p>\n\n\n\n<h4 class=\"wp-block-heading\"><strong>Transmisi\u00f3n de sus datos personales<\/strong><\/h4>\n\n\n\n<p>Los comentarios de los visitantes pueden comprobarse mediante un servicio automatizado para detectar comentarios no deseados.<\/p>\n\n\n\n<hr class=\"wp-block-separator has-alpha-channel-opacity\"\/>\n\n\n\n<h3 class=\"wp-block-heading\"><strong>Conditions d&rsquo;Utilisation des eBooks<\/strong><\/h3>\n\n\n\n<p>Libros electr\u00f3nicos comprados en <a href=\"https:\/\/visitincity.com\/es\/\">https:\/\/visitincity.com<\/a> sont destin\u00e9s \u00e0 un usage strictement personnel. Toute redistribution, vente ou publication non autoris\u00e9e des eBooks est interdite et constitue une violation de nos droits d&rsquo;auteur.<\/p>\n\n\n\n<h4 class=\"wp-block-heading\"><strong>Pol\u00edtica de reembolso<\/strong><\/h4>\n\n\n\n<p>Todas las compras de libros electr\u00f3nicos son <strong>final<\/strong> y no pueden ser reembolsados. Al descargar nuestros libros electr\u00f3nicos, usted acepta estas condiciones. Si tiene alg\u00fan problema t\u00e9cnico con su compra, p\u00f3ngase en contacto con nosotros, pero no se efectuar\u00e1 ning\u00fan reembolso.<\/p>\n\n\n\n<hr class=\"wp-block-separator has-alpha-channel-opacity\"\/>\n\n\n\n<h3 class=\"wp-block-heading\"><strong>Protecci\u00f3n de la informaci\u00f3n del sitio<\/strong><\/h3>\n\n\n\n<p>Todos los contenidos de <a href=\"https:\/\/visitincity.com\/es\/\">https:\/\/visitincity.com<\/a>, y compris les textes, images et eBooks, est prot\u00e9g\u00e9 par des droits d&rsquo;auteur. Il est strictement interdit de reproduire, distribuer ou exploiter commercialement ce contenu sans notre autorisation \u00e9crite pr\u00e9alable.<\/p>\n\n\n\n<hr class=\"wp-block-separator has-alpha-channel-opacity\"\/>\n\n\n\n<h3 class=\"wp-block-heading\"><strong>Seguridad en los pagos<\/strong><\/h3>\n\n\n\n<p>Utilizamos servicios de pago seguros y no almacenamos ning\u00fan dato bancario ni de tarjetas de cr\u00e9dito. Todas las transacciones est\u00e1n protegidas y encriptadas para garantizar la seguridad de su informaci\u00f3n.<\/p>\n\n\n\n<hr class=\"wp-block-separator has-alpha-channel-opacity\"\/>\n\n\n\n<h3 class=\"wp-block-heading\"><strong>Condiciones de los servicios<\/strong><\/h3>\n\n\n\n<p>Al a\u00f1adir su servicio a nuestro sitio, acepta nuestras condiciones generales de uso. Nos reservamos el derecho a retirar cualquier servicio que no cumpla nuestras normas de calidad o pol\u00edticas internas, sin derecho a reembolso.<\/p>\n\n\n\n<p>Les informations fournies par les prestataires doivent \u00eatre exactes et \u00e0 jour. Nous d\u00e9clinons toute responsabilit\u00e9 en cas d&rsquo;erreurs ou d&rsquo;omissions dans les informations fournies.<\/p>\n\n\n\n<h4 class=\"wp-block-heading\"><strong>Pol\u00edtica de reembolso de prestaciones<\/strong><\/h4>\n\n\n\n<p>Les frais pay\u00e9s pour la publication d&rsquo;une prestation sont non remboursables, m\u00eame en cas de retrait anticip\u00e9 par le prestataire.<\/p>\n\n\n\n<hr class=\"wp-block-separator has-alpha-channel-opacity\"\/>\n\n\n\n<h3 class=\"wp-block-heading\"><strong>Limitaci\u00f3n de responsabilidad<\/strong><\/h3>\n\n\n\n<p>Nous nous effor\u00e7ons de fournir des informations exactes et \u00e0 jour sur les eBooks et les prestations, mais nous ne garantissons pas l&rsquo;exactitude absolue des d\u00e9tails. Nous d\u00e9clinons toute responsabilit\u00e9 pour les erreurs, omissions, ou changements qui pourraient survenir apr\u00e8s la publication.<\/p>\n\n\n\n<hr class=\"wp-block-separator has-alpha-channel-opacity\"\/>\n\n\n\n<h3 class=\"wp-block-heading\"><strong>Modificaci\u00f3n de las condiciones<\/strong><\/h3>\n\n\n\n<p>Nous nous r\u00e9servons le droit de modifier cette politique de confidentialit\u00e9 et ces conditions d&rsquo;utilisation \u00e0 tout moment. Toute modification sera communiqu\u00e9e sur cette page. Nous vous encourageons \u00e0 consulter r\u00e9guli\u00e8rement cette politique pour rester inform\u00e9 des changements \u00e9ventuels.<\/p>","protected":false},"excerpt":{"rendered":"<p>Date de modification : Septembre 2024 Par l\u2019utilisation de cette plateforme ainsi que des outils y disponibles ou y relat\u00e9s, vous marquez votre accord sur les conditions suivantes.Vous trouverez ci-dessous les conditions concernant la&nbsp;protection de la vie priv\u00e9e, les&nbsp;r\u00e8glements relatifs aux cookies&nbsp;ainsi que les&nbsp;mentions l\u00e9gales. Qui sommes-nous&nbsp;? Vist In CitySite web\u00a0: www.visitincity.com WebmasterNom&nbsp;: Amk creaAdresse [&hellip;]<\/p>","protected":false},"author":1,"featured_media":0,"parent":0,"menu_order":0,"comment_status":"closed","ping_status":"closed","template":"","meta":{"footnotes":""},"class_list":["post-3","page","type-page","status-publish","hentry"],"yoast_head":"<!-- This site is optimized with the Yoast SEO plugin v26.8 - https:\/\/yoast.com\/product\/yoast-seo-wordpress\/ -->\n<title>Politique de confidentialit\u00e9 - Visit In City<\/title>\n<meta name=\"robots\" content=\"index, follow, max-snippet:-1, max-image-preview:large, max-video-preview:-1\" \/>\n<link rel=\"canonical\" href=\"https:\/\/visitincity.com\/es\/politique-de-confidentialite\/\" \/>\n<meta property=\"og:locale\" content=\"es_ES\" \/>\n<meta property=\"og:type\" content=\"article\" \/>\n<meta property=\"og:title\" content=\"Politique de confidentialit\u00e9 - Visit In City\" \/>\n<meta property=\"og:description\" content=\"Date de modification : Septembre 2024 Par l\u2019utilisation de cette plateforme ainsi que des outils y disponibles ou y relat\u00e9s, vous marquez votre accord sur les conditions suivantes.Vous trouverez ci-dessous les conditions concernant la&nbsp;protection de la vie priv\u00e9e, les&nbsp;r\u00e8glements relatifs aux cookies&nbsp;ainsi que les&nbsp;mentions l\u00e9gales. Qui sommes-nous&nbsp;? Vist In CitySite web\u00a0: www.visitincity.com WebmasterNom&nbsp;: Amk creaAdresse [&hellip;]\" \/>\n<meta property=\"og:url\" content=\"https:\/\/visitincity.com\/es\/politique-de-confidentialite\/\" \/>\n<meta property=\"og:site_name\" content=\"Visit In City\" \/>\n<meta property=\"article:modified_time\" content=\"2024-09-11T18:17:18+00:00\" \/>\n<meta name=\"twitter:card\" content=\"summary_large_image\" \/>\n<meta name=\"twitter:label1\" content=\"Tiempo de lectura\" \/>\n\t<meta name=\"twitter:data1\" content=\"5 minutos\" \/>\n<script type=\"application\/ld+json\" class=\"yoast-schema-graph\">{\"@context\":\"https:\/\/schema.org\",\"@graph\":[{\"@type\":\"WebPage\",\"@id\":\"https:\/\/visitincity.com\/politique-de-confidentialite\/\",\"url\":\"https:\/\/visitincity.com\/politique-de-confidentialite\/\",\"name\":\"Politique de confidentialit\u00e9 - Visit In City\",\"isPartOf\":{\"@id\":\"https:\/\/visitincity.com\/#website\"},\"datePublished\":\"2024-06-26T10:06:42+00:00\",\"dateModified\":\"2024-09-11T18:17:18+00:00\",\"breadcrumb\":{\"@id\":\"https:\/\/visitincity.com\/politique-de-confidentialite\/#breadcrumb\"},\"inLanguage\":\"es\",\"potentialAction\":[{\"@type\":\"ReadAction\",\"target\":[\"https:\/\/visitincity.com\/politique-de-confidentialite\/\"]}]},{\"@type\":\"BreadcrumbList\",\"@id\":\"https:\/\/visitincity.com\/politique-de-confidentialite\/#breadcrumb\",\"itemListElement\":[{\"@type\":\"ListItem\",\"position\":1,\"name\":\"Accueil\",\"item\":\"https:\/\/visitincity.com\/\"},{\"@type\":\"ListItem\",\"position\":2,\"name\":\"Politique de confidentialit\u00e9\"}]},{\"@type\":\"WebSite\",\"@id\":\"https:\/\/visitincity.com\/#website\",\"url\":\"https:\/\/visitincity.com\/\",\"name\":\"Visit In City\",\"description\":\"\",\"publisher\":{\"@id\":\"https:\/\/visitincity.com\/#organization\"},\"potentialAction\":[{\"@type\":\"SearchAction\",\"target\":{\"@type\":\"EntryPoint\",\"urlTemplate\":\"https:\/\/visitincity.com\/?s={search_term_string}\"},\"query-input\":{\"@type\":\"PropertyValueSpecification\",\"valueRequired\":true,\"valueName\":\"search_term_string\"}}],\"inLanguage\":\"es\"},{\"@type\":\"Organization\",\"@id\":\"https:\/\/visitincity.com\/#organization\",\"name\":\"Visit In City\",\"url\":\"https:\/\/visitincity.com\/\",\"logo\":{\"@type\":\"ImageObject\",\"inLanguage\":\"es\",\"@id\":\"https:\/\/visitincity.com\/#\/schema\/logo\/image\/\",\"url\":\"https:\/\/visitincity.com\/wp-content\/uploads\/2024\/07\/visitincity_110724_AJ-04.png\",\"contentUrl\":\"https:\/\/visitincity.com\/wp-content\/uploads\/2024\/07\/visitincity_110724_AJ-04.png\",\"width\":2084,\"height\":2084,\"caption\":\"Visit In City\"},\"image\":{\"@id\":\"https:\/\/visitincity.com\/#\/schema\/logo\/image\/\"}}]}<\/script>\n<!-- \/ Yoast SEO plugin. -->","yoast_head_json":{"title":"Politique de confidentialit\u00e9 - Visit In City","robots":{"index":"index","follow":"follow","max-snippet":"max-snippet:-1","max-image-preview":"max-image-preview:large","max-video-preview":"max-video-preview:-1"},"canonical":"https:\/\/visitincity.com\/es\/politique-de-confidentialite\/","og_locale":"es_ES","og_type":"article","og_title":"Politique de confidentialit\u00e9 - Visit In City","og_description":"Date de modification : Septembre 2024 Par l\u2019utilisation de cette plateforme ainsi que des outils y disponibles ou y relat\u00e9s, vous marquez votre accord sur les conditions suivantes.Vous trouverez ci-dessous les conditions concernant la&nbsp;protection de la vie priv\u00e9e, les&nbsp;r\u00e8glements relatifs aux cookies&nbsp;ainsi que les&nbsp;mentions l\u00e9gales. Qui sommes-nous&nbsp;? Vist In CitySite web\u00a0: www.visitincity.com WebmasterNom&nbsp;: Amk creaAdresse [&hellip;]","og_url":"https:\/\/visitincity.com\/es\/politique-de-confidentialite\/","og_site_name":"Visit In City","article_modified_time":"2024-09-11T18:17:18+00:00","twitter_card":"summary_large_image","twitter_misc":{"Tiempo de lectura":"5 minutos"},"schema":{"@context":"https:\/\/schema.org","@graph":[{"@type":"WebPage","@id":"https:\/\/visitincity.com\/politique-de-confidentialite\/","url":"https:\/\/visitincity.com\/politique-de-confidentialite\/","name":"Politique de confidentialit\u00e9 - Visit In City","isPartOf":{"@id":"https:\/\/visitincity.com\/#website"},"datePublished":"2024-06-26T10:06:42+00:00","dateModified":"2024-09-11T18:17:18+00:00","breadcrumb":{"@id":"https:\/\/visitincity.com\/politique-de-confidentialite\/#breadcrumb"},"inLanguage":"es","potentialAction":[{"@type":"ReadAction","target":["https:\/\/visitincity.com\/politique-de-confidentialite\/"]}]},{"@type":"BreadcrumbList","@id":"https:\/\/visitincity.com\/politique-de-confidentialite\/#breadcrumb","itemListElement":[{"@type":"ListItem","position":1,"name":"Accueil","item":"https:\/\/visitincity.com\/"},{"@type":"ListItem","position":2,"name":"Politique de confidentialit\u00e9"}]},{"@type":"WebSite","@id":"https:\/\/visitincity.com\/#website","url":"https:\/\/visitincity.com\/","name":"Visita en la ciudad","description":"","publisher":{"@id":"https:\/\/visitincity.com\/#organization"},"potentialAction":[{"@type":"SearchAction","target":{"@type":"EntryPoint","urlTemplate":"https:\/\/visitincity.com\/?s={search_term_string}"},"query-input":{"@type":"PropertyValueSpecification","valueRequired":true,"valueName":"search_term_string"}}],"inLanguage":"es"},{"@type":"Organization","@id":"https:\/\/visitincity.com\/#organization","name":"Visita en la ciudad","url":"https:\/\/visitincity.com\/","logo":{"@type":"ImageObject","inLanguage":"es","@id":"https:\/\/visitincity.com\/#\/schema\/logo\/image\/","url":"https:\/\/visitincity.com\/wp-content\/uploads\/2024\/07\/visitincity_110724_AJ-04.png","contentUrl":"https:\/\/visitincity.com\/wp-content\/uploads\/2024\/07\/visitincity_110724_AJ-04.png","width":2084,"height":2084,"caption":"Visit In City"},"image":{"@id":"https:\/\/visitincity.com\/#\/schema\/logo\/image\/"}}]}},"_links":{"self":[{"href":"https:\/\/visitincity.com\/es\/wp-json\/wp\/v2\/pages\/3","targetHints":{"allow":["GET"]}}],"collection":[{"href":"https:\/\/visitincity.com\/es\/wp-json\/wp\/v2\/pages"}],"about":[{"href":"https:\/\/visitincity.com\/es\/wp-json\/wp\/v2\/types\/page"}],"author":[{"embeddable":true,"href":"https:\/\/visitincity.com\/es\/wp-json\/wp\/v2\/users\/1"}],"replies":[{"embeddable":true,"href":"https:\/\/visitincity.com\/es\/wp-json\/wp\/v2\/comments?post=3"}],"version-history":[{"count":2,"href":"https:\/\/visitincity.com\/es\/wp-json\/wp\/v2\/pages\/3\/revisions"}],"predecessor-version":[{"id":807,"href":"https:\/\/visitincity.com\/es\/wp-json\/wp\/v2\/pages\/3\/revisions\/807"}],"wp:attachment":[{"href":"https:\/\/visitincity.com\/es\/wp-json\/wp\/v2\/media?parent=3"}],"curies":[{"name":"wp","href":"https:\/\/api.w.org\/{rel}","templated":true}]}}