{"id":896,"date":"2024-10-15T10:49:23","date_gmt":"2024-10-15T08:49:23","guid":{"rendered":"https:\/\/visitincity.com\/es\/producto\/aeroport-de-liege\/"},"modified":"2024-10-15T10:56:42","modified_gmt":"2024-10-15T08:56:42","slug":"aeroport-de-liege","status":"publish","type":"product","link":"https:\/\/visitincity.com\/en\/product\/aeroport-de-liege\/","title":{"rendered":"Li\u00e8ge Airport"},"content":{"rendered":"<p>Li\u00e8ge Airport, or Liege Airport, is a Belgian airport located in Gr\u00e2ce-Hollogne, a few kilometers northwest of the city of Li\u00e8ge in the Walloon Region. By 2023, it will be one of Europe's top 5 airports for freight traffic.<\/p>","protected":false},"excerpt":{"rendered":"<p>Li\u00e8ge Airport, or Liege Airport, is a Belgian airport located in Gr\u00e2ce-Hollogne, a few kilometers northwest of the city of Li\u00e8ge in the Walloon Region. By 2023, it will be one of Europe's top 5 airports for freight traffic.<\/p>","protected":false},"featured_media":0,"template":"","meta":[],"product_brand":[],"product_cat":[20],"product_tag":[],"class_list":{"0":"post-896","1":"product","2":"type-product","3":"status-publish","5":"product_cat-listeo-booking","7":"first","8":"instock","9":"downloadable","10":"virtual","11":"sold-individually","12":"purchasable","13":"product-type-listing_booking"},"yoast_head":"<!-- This site is optimized with the Yoast SEO plugin v26.8 - https:\/\/yoast.com\/product\/yoast-seo-wordpress\/ -->\n<title>A\u00e9roport de Li\u00e8ge - Visit In City<\/title>\n<meta name=\"robots\" content=\"index, follow, max-snippet:-1, max-image-preview:large, max-video-preview:-1\" \/>\n<link rel=\"canonical\" href=\"https:\/\/visitincity.com\/en\/product\/aeroport-de-liege\/\" \/>\n<meta property=\"og:locale\" content=\"en_US\" \/>\n<meta property=\"og:type\" content=\"article\" \/>\n<meta property=\"og:title\" content=\"A\u00e9roport de Li\u00e8ge - Visit In City\" \/>\n<meta property=\"og:description\" content=\"L\u2019a\u00e9roport de Li\u00e8ge, ou Liege Airport, est un a\u00e9roport belge situ\u00e9 \u00e0 Gr\u00e2ce-Hollogne \u00e0 quelques kilom\u00e8tres au nord-ouest de la ville de Li\u00e8ge dans la R\u00e9gion wallonne. En 2023, il est dans le top 5 des plus grands a\u00e9roports pour le transport de fret en Europe.\" \/>\n<meta property=\"og:url\" content=\"https:\/\/visitincity.com\/en\/product\/aeroport-de-liege\/\" \/>\n<meta property=\"og:site_name\" content=\"Visit In City\" \/>\n<meta property=\"article:modified_time\" content=\"2024-10-15T08:56:42+00:00\" \/>\n<meta name=\"twitter:card\" content=\"summary_large_image\" \/>\n<script type=\"application\/ld+json\" class=\"yoast-schema-graph\">{\"@context\":\"https:\/\/schema.org\",\"@graph\":[{\"@type\":\"WebPage\",\"@id\":\"https:\/\/visitincity.com\/produit\/aeroport-de-liege\/\",\"url\":\"https:\/\/visitincity.com\/produit\/aeroport-de-liege\/\",\"name\":\"A\u00e9roport de Li\u00e8ge - Visit In City\",\"isPartOf\":{\"@id\":\"https:\/\/visitincity.com\/#website\"},\"datePublished\":\"2024-10-15T08:49:23+00:00\",\"dateModified\":\"2024-10-15T08:56:42+00:00\",\"breadcrumb\":{\"@id\":\"https:\/\/visitincity.com\/produit\/aeroport-de-liege\/#breadcrumb\"},\"inLanguage\":\"en-US\",\"potentialAction\":[{\"@type\":\"ReadAction\",\"target\":[\"https:\/\/visitincity.com\/produit\/aeroport-de-liege\/\"]}]},{\"@type\":\"BreadcrumbList\",\"@id\":\"https:\/\/visitincity.com\/produit\/aeroport-de-liege\/#breadcrumb\",\"itemListElement\":[{\"@type\":\"ListItem\",\"position\":1,\"name\":\"Accueil\",\"item\":\"https:\/\/visitincity.com\/\"},{\"@type\":\"ListItem\",\"position\":2,\"name\":\"Produits\",\"item\":\"https:\/\/visitincity.com\/shop\/\"},{\"@type\":\"ListItem\",\"position\":3,\"name\":\"A\u00e9roport de Li\u00e8ge\"}]},{\"@type\":\"WebSite\",\"@id\":\"https:\/\/visitincity.com\/#website\",\"url\":\"https:\/\/visitincity.com\/\",\"name\":\"Visit In City\",\"description\":\"\",\"publisher\":{\"@id\":\"https:\/\/visitincity.com\/#organization\"},\"potentialAction\":[{\"@type\":\"SearchAction\",\"target\":{\"@type\":\"EntryPoint\",\"urlTemplate\":\"https:\/\/visitincity.com\/?s={search_term_string}\"},\"query-input\":{\"@type\":\"PropertyValueSpecification\",\"valueRequired\":true,\"valueName\":\"search_term_string\"}}],\"inLanguage\":\"en-US\"},{\"@type\":\"Organization\",\"@id\":\"https:\/\/visitincity.com\/#organization\",\"name\":\"Visit In City\",\"url\":\"https:\/\/visitincity.com\/\",\"logo\":{\"@type\":\"ImageObject\",\"inLanguage\":\"en-US\",\"@id\":\"https:\/\/visitincity.com\/#\/schema\/logo\/image\/\",\"url\":\"https:\/\/visitincity.com\/wp-content\/uploads\/2024\/07\/visitincity_110724_AJ-04.png\",\"contentUrl\":\"https:\/\/visitincity.com\/wp-content\/uploads\/2024\/07\/visitincity_110724_AJ-04.png\",\"width\":2084,\"height\":2084,\"caption\":\"Visit In City\"},\"image\":{\"@id\":\"https:\/\/visitincity.com\/#\/schema\/logo\/image\/\"}}]}<\/script>\n<!-- \/ Yoast SEO plugin. -->","yoast_head_json":{"title":"A\u00e9roport de Li\u00e8ge - Visit In City","robots":{"index":"index","follow":"follow","max-snippet":"max-snippet:-1","max-image-preview":"max-image-preview:large","max-video-preview":"max-video-preview:-1"},"canonical":"https:\/\/visitincity.com\/en\/product\/aeroport-de-liege\/","og_locale":"en_US","og_type":"article","og_title":"A\u00e9roport de Li\u00e8ge - Visit In City","og_description":"L\u2019a\u00e9roport de Li\u00e8ge, ou Liege Airport, est un a\u00e9roport belge situ\u00e9 \u00e0 Gr\u00e2ce-Hollogne \u00e0 quelques kilom\u00e8tres au nord-ouest de la ville de Li\u00e8ge dans la R\u00e9gion wallonne. En 2023, il est dans le top 5 des plus grands a\u00e9roports pour le transport de fret en Europe.","og_url":"https:\/\/visitincity.com\/en\/product\/aeroport-de-liege\/","og_site_name":"Visit In City","article_modified_time":"2024-10-15T08:56:42+00:00","twitter_card":"summary_large_image","schema":{"@context":"https:\/\/schema.org","@graph":[{"@type":"WebPage","@id":"https:\/\/visitincity.com\/produit\/aeroport-de-liege\/","url":"https:\/\/visitincity.com\/produit\/aeroport-de-liege\/","name":"A\u00e9roport de Li\u00e8ge - Visit In City","isPartOf":{"@id":"https:\/\/visitincity.com\/#website"},"datePublished":"2024-10-15T08:49:23+00:00","dateModified":"2024-10-15T08:56:42+00:00","breadcrumb":{"@id":"https:\/\/visitincity.com\/produit\/aeroport-de-liege\/#breadcrumb"},"inLanguage":"en-US","potentialAction":[{"@type":"ReadAction","target":["https:\/\/visitincity.com\/produit\/aeroport-de-liege\/"]}]},{"@type":"BreadcrumbList","@id":"https:\/\/visitincity.com\/produit\/aeroport-de-liege\/#breadcrumb","itemListElement":[{"@type":"ListItem","position":1,"name":"Accueil","item":"https:\/\/visitincity.com\/"},{"@type":"ListItem","position":2,"name":"Produits","item":"https:\/\/visitincity.com\/shop\/"},{"@type":"ListItem","position":3,"name":"A\u00e9roport de Li\u00e8ge"}]},{"@type":"WebSite","@id":"https:\/\/visitincity.com\/#website","url":"https:\/\/visitincity.com\/","name":"Visit In City","description":"","publisher":{"@id":"https:\/\/visitincity.com\/#organization"},"potentialAction":[{"@type":"SearchAction","target":{"@type":"EntryPoint","urlTemplate":"https:\/\/visitincity.com\/?s={search_term_string}"},"query-input":{"@type":"PropertyValueSpecification","valueRequired":true,"valueName":"search_term_string"}}],"inLanguage":"en-US"},{"@type":"Organization","@id":"https:\/\/visitincity.com\/#organization","name":"Visit In City","url":"https:\/\/visitincity.com\/","logo":{"@type":"ImageObject","inLanguage":"en-US","@id":"https:\/\/visitincity.com\/#\/schema\/logo\/image\/","url":"https:\/\/visitincity.com\/wp-content\/uploads\/2024\/07\/visitincity_110724_AJ-04.png","contentUrl":"https:\/\/visitincity.com\/wp-content\/uploads\/2024\/07\/visitincity_110724_AJ-04.png","width":2084,"height":2084,"caption":"Visit In City"},"image":{"@id":"https:\/\/visitincity.com\/#\/schema\/logo\/image\/"}}]}},"_links":{"self":[{"href":"https:\/\/visitincity.com\/en\/wp-json\/wp\/v2\/product\/896","targetHints":{"allow":["GET"]}}],"collection":[{"href":"https:\/\/visitincity.com\/en\/wp-json\/wp\/v2\/product"}],"about":[{"href":"https:\/\/visitincity.com\/en\/wp-json\/wp\/v2\/types\/product"}],"wp:attachment":[{"href":"https:\/\/visitincity.com\/en\/wp-json\/wp\/v2\/media?parent=896"}],"wp:term":[{"taxonomy":"product_brand","embeddable":true,"href":"https:\/\/visitincity.com\/en\/wp-json\/wp\/v2\/product_brand?post=896"},{"taxonomy":"product_cat","embeddable":true,"href":"https:\/\/visitincity.com\/en\/wp-json\/wp\/v2\/product_cat?post=896"},{"taxonomy":"product_tag","embeddable":true,"href":"https:\/\/visitincity.com\/en\/wp-json\/wp\/v2\/product_tag?post=896"}],"curies":[{"name":"wp","href":"https:\/\/api.w.org\/{rel}","templated":true}]}}