{"id":3,"date":"2024-06-26T12:06:42","date_gmt":"2024-06-26T10:06:42","guid":{"rendered":"http:\/\/visitincity.com\/?page_id=3"},"modified":"2024-09-11T20:17:18","modified_gmt":"2024-09-11T18:17:18","slug":"politique-de-confidentialite","status":"publish","type":"page","link":"https:\/\/visitincity.com\/en\/politique-de-confidentialite\/","title":{"rendered":"Privacy policy"},"content":{"rendered":"<h4 class=\"wp-block-heading\">Modification date: September 2024<\/h4>\n\n\n\n<p><strong>By using this platform and the tools available or related to it, you agree to the following terms and conditions: Privacy Policy, Cookie Policy and Legal Notice.<\/strong><\/p>\n\n\n\n<h2 class=\"wp-block-heading\">Who we are<\/h2>\n\n\n\n<p><strong>Vist In City<\/strong><br><strong>Site web<\/strong>\u00a0: www.visitincity.com<\/p>\n\n\n\n<p><strong>Webmaster<\/strong><br><strong>Name<\/strong>&nbsp;: Amk crea<br><strong>E-mail address<\/strong>&nbsp;:<a href=\"mailto:amkcrea@gmail.com\">&nbsp;amkcrea@gmail.com<\/a><\/p>\n\n\n\n<p><strong>Host<\/strong><br><strong>Company :\u00a0<\/strong>OVH<br><strong>Website<\/strong>:\u00a0<a href=\"http:\/\/OVH.com\/\">www.ovh.com<\/a><\/p>\n\n\n\n<h4 class=\"wp-block-heading\"><strong>Comments<\/strong><\/h4>\n\n\n\n<p>Lorsque vous laissez un commentaire sur notre site, nous collectons les donn\u00e9es inscrites dans le formulaire de commentaire, ainsi que votre adresse IP et l&rsquo;agent utilisateur de votre navigateur pour nous aider \u00e0 la d\u00e9tection des commentaires ind\u00e9sirables.<\/p>\n\n\n\n<p>An anonymized string created from your e-mail address (called a hash) can be sent to the Gravatar service to check whether you are using it. Gravatar's privacy policy is available here : <a href=\"https:\/\/automattic.com\/privacy\">https:\/\/automattic.com\/privacy<\/a>. Once your comment has been validated, your profile photo will be publicly visible next to your comment.<\/p>\n\n\n\n<h4 class=\"wp-block-heading\"><strong>Media<\/strong><\/h4>\n\n\n\n<p>If you upload images to the site, we advise you to avoid uploading images containing EXIF data of GPS coordinates. Visitors to the site can download and extract location data from these images.<\/p>\n\n\n\n<h4 class=\"wp-block-heading\"><strong>Cookies<\/strong><\/h4>\n\n\n\n<p>If you leave a comment on our site, you will be asked to save your name, e-mail address and site in cookies. These cookies expire after one year.<br>If you log in, we will set several cookies to store your login information and screen preferences. If you check \u201cRemember me\u201d, your login cookie will be stored for two weeks. If you log out, the login cookie will be deleted.<\/p>\n\n\n\n<h4 class=\"wp-block-heading\"><strong>Integrated content from other sites<\/strong><\/h4>\n\n\n\n<p>Articles on this site may include embedded content (e.g. videos, images, articles). Embedded content from other sites behaves in the same way as if the visitor were visiting that other site. These websites may collect data about you, use cookies, integrate third-party tracking tools and track your interactions with such embedded content.<\/p>\n\n\n\n<h4 class=\"wp-block-heading\"><strong>Use and transmission of your personal data<\/strong><\/h4>\n\n\n\n<p>If you request a password reset, your IP address will be included in the reset e-mail.<\/p>\n\n\n\n<h4 class=\"wp-block-heading\"><strong>How long we store your data<\/strong><\/h4>\n\n\n\n<p>If you leave a comment, it and its metadata are retained indefinitely. This makes it possible to automatically recognize and approve subsequent comments, instead of leaving them in the moderation queue.<br>Pour les comptes inscrits sur notre site, nous stockons \u00e9galement les donn\u00e9es personnelles indiqu\u00e9es dans leur profil. Tous les comptes peuvent voir, modifier ou supprimer leurs informations personnelles \u00e0 tout moment (\u00e0 l&rsquo;exception de leur identifiant). Les gestionnaires du site peuvent aussi voir et modifier ces informations.<\/p>\n\n\n\n<h4 class=\"wp-block-heading\"><strong>The rights you have over your data<\/strong><\/h4>\n\n\n\n<p>Si vous avez un compte ou si vous avez laiss\u00e9 des commentaires sur le site, vous pouvez demander \u00e0 recevoir un fichier contenant toutes les donn\u00e9es personnelles que nous poss\u00e9dons \u00e0 votre sujet. Vous pouvez \u00e9galement demander la suppression de ces donn\u00e9es, \u00e0 l&rsquo;exception des donn\u00e9es stock\u00e9es \u00e0 des fins administratives, l\u00e9gales ou pour des raisons de s\u00e9curit\u00e9.<\/p>\n\n\n\n<h4 class=\"wp-block-heading\"><strong>Transmission of your personal data<\/strong><\/h4>\n\n\n\n<p>Visitor comments can be checked using an automated spam detection service.<\/p>\n\n\n\n<hr class=\"wp-block-separator has-alpha-channel-opacity\"\/>\n\n\n\n<h3 class=\"wp-block-heading\"><strong>Conditions d&rsquo;Utilisation des eBooks<\/strong><\/h3>\n\n\n\n<p>eBooks purchased on <a href=\"https:\/\/visitincity.com\/en\/\">https:\/\/visitincity.com<\/a> sont destin\u00e9s \u00e0 un usage strictement personnel. Toute redistribution, vente ou publication non autoris\u00e9e des eBooks est interdite et constitue une violation de nos droits d&rsquo;auteur.<\/p>\n\n\n\n<h4 class=\"wp-block-heading\"><strong>Refund Policy<\/strong><\/h4>\n\n\n\n<p>All eBook purchases are <strong>definitive<\/strong> and cannot be refunded. By downloading our eBooks, you accept these conditions. If you encounter a technical problem with your purchase, please contact us, but no refund will be made.<\/p>\n\n\n\n<hr class=\"wp-block-separator has-alpha-channel-opacity\"\/>\n\n\n\n<h3 class=\"wp-block-heading\"><strong>Protection of Site Information<\/strong><\/h3>\n\n\n\n<p>All the contents of <a href=\"https:\/\/visitincity.com\/en\/\">https:\/\/visitincity.com<\/a>, y compris les textes, images et eBooks, est prot\u00e9g\u00e9 par des droits d&rsquo;auteur. Il est strictement interdit de reproduire, distribuer ou exploiter commercialement ce contenu sans notre autorisation \u00e9crite pr\u00e9alable.<\/p>\n\n\n\n<hr class=\"wp-block-separator has-alpha-channel-opacity\"\/>\n\n\n\n<h3 class=\"wp-block-heading\"><strong>Payment security<\/strong><\/h3>\n\n\n\n<p>We use secure payment services and do not store any banking or credit card information. All transactions are protected and encrypted to ensure the security of your information.<\/p>\n\n\n\n<hr class=\"wp-block-separator has-alpha-channel-opacity\"\/>\n\n\n\n<h3 class=\"wp-block-heading\"><strong>Conditions for Services<\/strong><\/h3>\n\n\n\n<p>By adding your service to our site, you agree to our terms and conditions of use. We reserve the right to withdraw any service that does not comply with our quality standards or internal policies, without refund.<\/p>\n\n\n\n<p>Les informations fournies par les prestataires doivent \u00eatre exactes et \u00e0 jour. Nous d\u00e9clinons toute responsabilit\u00e9 en cas d&rsquo;erreurs ou d&rsquo;omissions dans les informations fournies.<\/p>\n\n\n\n<h4 class=\"wp-block-heading\"><strong>Refund Policy for Services<\/strong><\/h4>\n\n\n\n<p>Les frais pay\u00e9s pour la publication d&rsquo;une prestation sont non remboursables, m\u00eame en cas de retrait anticip\u00e9 par le prestataire.<\/p>\n\n\n\n<hr class=\"wp-block-separator has-alpha-channel-opacity\"\/>\n\n\n\n<h3 class=\"wp-block-heading\"><strong>Limitation of liability<\/strong><\/h3>\n\n\n\n<p>Nous nous effor\u00e7ons de fournir des informations exactes et \u00e0 jour sur les eBooks et les prestations, mais nous ne garantissons pas l&rsquo;exactitude absolue des d\u00e9tails. Nous d\u00e9clinons toute responsabilit\u00e9 pour les erreurs, omissions, ou changements qui pourraient survenir apr\u00e8s la publication.<\/p>\n\n\n\n<hr class=\"wp-block-separator has-alpha-channel-opacity\"\/>\n\n\n\n<h3 class=\"wp-block-heading\"><strong>Modifications to the Conditions<\/strong><\/h3>\n\n\n\n<p>Nous nous r\u00e9servons le droit de modifier cette politique de confidentialit\u00e9 et ces conditions d&rsquo;utilisation \u00e0 tout moment. Toute modification sera communiqu\u00e9e sur cette page. Nous vous encourageons \u00e0 consulter r\u00e9guli\u00e8rement cette politique pour rester inform\u00e9 des changements \u00e9ventuels.<\/p>","protected":false},"excerpt":{"rendered":"<p>Date de modification : Septembre 2024 Par l\u2019utilisation de cette plateforme ainsi que des outils y disponibles ou y relat\u00e9s, vous marquez votre accord sur les conditions suivantes.Vous trouverez ci-dessous les conditions concernant la&nbsp;protection de la vie priv\u00e9e, les&nbsp;r\u00e8glements relatifs aux cookies&nbsp;ainsi que les&nbsp;mentions l\u00e9gales. Qui sommes-nous&nbsp;? Vist In CitySite web\u00a0: www.visitincity.com WebmasterNom&nbsp;: Amk creaAdresse [&hellip;]<\/p>","protected":false},"author":1,"featured_media":0,"parent":0,"menu_order":0,"comment_status":"closed","ping_status":"closed","template":"","meta":{"footnotes":""},"class_list":["post-3","page","type-page","status-publish","hentry"],"yoast_head":"<!-- This site is optimized with the Yoast SEO plugin v26.8 - https:\/\/yoast.com\/product\/yoast-seo-wordpress\/ -->\n<title>Politique de confidentialit\u00e9 - Visit In City<\/title>\n<meta name=\"robots\" content=\"index, follow, max-snippet:-1, max-image-preview:large, max-video-preview:-1\" \/>\n<link rel=\"canonical\" href=\"https:\/\/visitincity.com\/en\/politique-de-confidentialite\/\" \/>\n<meta property=\"og:locale\" content=\"en_US\" \/>\n<meta property=\"og:type\" content=\"article\" \/>\n<meta property=\"og:title\" content=\"Politique de confidentialit\u00e9 - Visit In City\" \/>\n<meta property=\"og:description\" content=\"Date de modification : Septembre 2024 Par l\u2019utilisation de cette plateforme ainsi que des outils y disponibles ou y relat\u00e9s, vous marquez votre accord sur les conditions suivantes.Vous trouverez ci-dessous les conditions concernant la&nbsp;protection de la vie priv\u00e9e, les&nbsp;r\u00e8glements relatifs aux cookies&nbsp;ainsi que les&nbsp;mentions l\u00e9gales. Qui sommes-nous&nbsp;? Vist In CitySite web\u00a0: www.visitincity.com WebmasterNom&nbsp;: Amk creaAdresse [&hellip;]\" \/>\n<meta property=\"og:url\" content=\"https:\/\/visitincity.com\/en\/politique-de-confidentialite\/\" \/>\n<meta property=\"og:site_name\" content=\"Visit In City\" \/>\n<meta property=\"article:modified_time\" content=\"2024-09-11T18:17:18+00:00\" \/>\n<meta name=\"twitter:card\" content=\"summary_large_image\" \/>\n<meta name=\"twitter:label1\" content=\"Est. reading time\" \/>\n\t<meta name=\"twitter:data1\" content=\"5 minutes\" \/>\n<script type=\"application\/ld+json\" class=\"yoast-schema-graph\">{\"@context\":\"https:\/\/schema.org\",\"@graph\":[{\"@type\":\"WebPage\",\"@id\":\"https:\/\/visitincity.com\/politique-de-confidentialite\/\",\"url\":\"https:\/\/visitincity.com\/politique-de-confidentialite\/\",\"name\":\"Politique de confidentialit\u00e9 - Visit In City\",\"isPartOf\":{\"@id\":\"https:\/\/visitincity.com\/#website\"},\"datePublished\":\"2024-06-26T10:06:42+00:00\",\"dateModified\":\"2024-09-11T18:17:18+00:00\",\"breadcrumb\":{\"@id\":\"https:\/\/visitincity.com\/politique-de-confidentialite\/#breadcrumb\"},\"inLanguage\":\"en-US\",\"potentialAction\":[{\"@type\":\"ReadAction\",\"target\":[\"https:\/\/visitincity.com\/politique-de-confidentialite\/\"]}]},{\"@type\":\"BreadcrumbList\",\"@id\":\"https:\/\/visitincity.com\/politique-de-confidentialite\/#breadcrumb\",\"itemListElement\":[{\"@type\":\"ListItem\",\"position\":1,\"name\":\"Accueil\",\"item\":\"https:\/\/visitincity.com\/\"},{\"@type\":\"ListItem\",\"position\":2,\"name\":\"Politique de confidentialit\u00e9\"}]},{\"@type\":\"WebSite\",\"@id\":\"https:\/\/visitincity.com\/#website\",\"url\":\"https:\/\/visitincity.com\/\",\"name\":\"Visit In City\",\"description\":\"\",\"publisher\":{\"@id\":\"https:\/\/visitincity.com\/#organization\"},\"potentialAction\":[{\"@type\":\"SearchAction\",\"target\":{\"@type\":\"EntryPoint\",\"urlTemplate\":\"https:\/\/visitincity.com\/?s={search_term_string}\"},\"query-input\":{\"@type\":\"PropertyValueSpecification\",\"valueRequired\":true,\"valueName\":\"search_term_string\"}}],\"inLanguage\":\"en-US\"},{\"@type\":\"Organization\",\"@id\":\"https:\/\/visitincity.com\/#organization\",\"name\":\"Visit In City\",\"url\":\"https:\/\/visitincity.com\/\",\"logo\":{\"@type\":\"ImageObject\",\"inLanguage\":\"en-US\",\"@id\":\"https:\/\/visitincity.com\/#\/schema\/logo\/image\/\",\"url\":\"https:\/\/visitincity.com\/wp-content\/uploads\/2024\/07\/visitincity_110724_AJ-04.png\",\"contentUrl\":\"https:\/\/visitincity.com\/wp-content\/uploads\/2024\/07\/visitincity_110724_AJ-04.png\",\"width\":2084,\"height\":2084,\"caption\":\"Visit In City\"},\"image\":{\"@id\":\"https:\/\/visitincity.com\/#\/schema\/logo\/image\/\"}}]}<\/script>\n<!-- \/ Yoast SEO plugin. -->","yoast_head_json":{"title":"Politique de confidentialit\u00e9 - Visit In City","robots":{"index":"index","follow":"follow","max-snippet":"max-snippet:-1","max-image-preview":"max-image-preview:large","max-video-preview":"max-video-preview:-1"},"canonical":"https:\/\/visitincity.com\/en\/politique-de-confidentialite\/","og_locale":"en_US","og_type":"article","og_title":"Politique de confidentialit\u00e9 - Visit In City","og_description":"Date de modification : Septembre 2024 Par l\u2019utilisation de cette plateforme ainsi que des outils y disponibles ou y relat\u00e9s, vous marquez votre accord sur les conditions suivantes.Vous trouverez ci-dessous les conditions concernant la&nbsp;protection de la vie priv\u00e9e, les&nbsp;r\u00e8glements relatifs aux cookies&nbsp;ainsi que les&nbsp;mentions l\u00e9gales. Qui sommes-nous&nbsp;? Vist In CitySite web\u00a0: www.visitincity.com WebmasterNom&nbsp;: Amk creaAdresse [&hellip;]","og_url":"https:\/\/visitincity.com\/en\/politique-de-confidentialite\/","og_site_name":"Visit In City","article_modified_time":"2024-09-11T18:17:18+00:00","twitter_card":"summary_large_image","twitter_misc":{"Est. reading time":"5 minutes"},"schema":{"@context":"https:\/\/schema.org","@graph":[{"@type":"WebPage","@id":"https:\/\/visitincity.com\/politique-de-confidentialite\/","url":"https:\/\/visitincity.com\/politique-de-confidentialite\/","name":"Politique de confidentialit\u00e9 - Visit In City","isPartOf":{"@id":"https:\/\/visitincity.com\/#website"},"datePublished":"2024-06-26T10:06:42+00:00","dateModified":"2024-09-11T18:17:18+00:00","breadcrumb":{"@id":"https:\/\/visitincity.com\/politique-de-confidentialite\/#breadcrumb"},"inLanguage":"en-US","potentialAction":[{"@type":"ReadAction","target":["https:\/\/visitincity.com\/politique-de-confidentialite\/"]}]},{"@type":"BreadcrumbList","@id":"https:\/\/visitincity.com\/politique-de-confidentialite\/#breadcrumb","itemListElement":[{"@type":"ListItem","position":1,"name":"Accueil","item":"https:\/\/visitincity.com\/"},{"@type":"ListItem","position":2,"name":"Politique de confidentialit\u00e9"}]},{"@type":"WebSite","@id":"https:\/\/visitincity.com\/#website","url":"https:\/\/visitincity.com\/","name":"Visit In City","description":"","publisher":{"@id":"https:\/\/visitincity.com\/#organization"},"potentialAction":[{"@type":"SearchAction","target":{"@type":"EntryPoint","urlTemplate":"https:\/\/visitincity.com\/?s={search_term_string}"},"query-input":{"@type":"PropertyValueSpecification","valueRequired":true,"valueName":"search_term_string"}}],"inLanguage":"en-US"},{"@type":"Organization","@id":"https:\/\/visitincity.com\/#organization","name":"Visit In City","url":"https:\/\/visitincity.com\/","logo":{"@type":"ImageObject","inLanguage":"en-US","@id":"https:\/\/visitincity.com\/#\/schema\/logo\/image\/","url":"https:\/\/visitincity.com\/wp-content\/uploads\/2024\/07\/visitincity_110724_AJ-04.png","contentUrl":"https:\/\/visitincity.com\/wp-content\/uploads\/2024\/07\/visitincity_110724_AJ-04.png","width":2084,"height":2084,"caption":"Visit In City"},"image":{"@id":"https:\/\/visitincity.com\/#\/schema\/logo\/image\/"}}]}},"_links":{"self":[{"href":"https:\/\/visitincity.com\/en\/wp-json\/wp\/v2\/pages\/3","targetHints":{"allow":["GET"]}}],"collection":[{"href":"https:\/\/visitincity.com\/en\/wp-json\/wp\/v2\/pages"}],"about":[{"href":"https:\/\/visitincity.com\/en\/wp-json\/wp\/v2\/types\/page"}],"author":[{"embeddable":true,"href":"https:\/\/visitincity.com\/en\/wp-json\/wp\/v2\/users\/1"}],"replies":[{"embeddable":true,"href":"https:\/\/visitincity.com\/en\/wp-json\/wp\/v2\/comments?post=3"}],"version-history":[{"count":2,"href":"https:\/\/visitincity.com\/en\/wp-json\/wp\/v2\/pages\/3\/revisions"}],"predecessor-version":[{"id":807,"href":"https:\/\/visitincity.com\/en\/wp-json\/wp\/v2\/pages\/3\/revisions\/807"}],"wp:attachment":[{"href":"https:\/\/visitincity.com\/en\/wp-json\/wp\/v2\/media?parent=3"}],"curies":[{"name":"wp","href":"https:\/\/api.w.org\/{rel}","templated":true}]}}