{"id":691,"date":"2024-08-20T10:05:55","date_gmt":"2024-08-20T08:05:55","guid":{"rendered":"https:\/\/visitincity.com\/?post_type=product&#038;p=691"},"modified":"2024-08-30T19:50:47","modified_gmt":"2024-08-30T17:50:47","slug":"guide-touristique-de-la-belgique-de-1-a-7-jours","status":"publish","type":"product","link":"https:\/\/visitincity.com\/de\/produkt\/guide-touristique-de-la-belgique-de-1-a-7-jours\/","title":{"rendered":"Reisef\u00fchrer Belgien von 1 bis 7 Tagen"},"content":{"rendered":"<p>Ce guide touristique de la Belgique est votre compagnon id\u00e9al pour planifier un voyage de 1 \u00e0 7 jours. Adapt\u00e9 \u00e0 toutes les dur\u00e9es de s\u00e9jour, il propose des itin\u00e9raires sur mesure, incluant les meilleures attractions, restaurants, et exp\u00e9riences locales. Que vous soyez en escapade d&rsquo;un week-end ou en vacances prolong\u00e9es, ce guide vous aide \u00e0 maximiser chaque moment de votre visite, avec des conseils pratiques et des recommandations pour d\u00e9couvrir la Belgique sous son meilleur jour.<\/p>\n<p>&nbsp;<\/p>\n<p>&nbsp;<\/p>\n<p>Vous recevrez votre eBook par e-mail avec un lien unique, accessible via votre compte, incluant des itin\u00e9raires cliquables, des liens externes, des images, et d&rsquo;autres fonctionnalit\u00e9s pour enrichir votre exp\u00e9rience de voyage.<\/p>","protected":false},"excerpt":{"rendered":"<p>Planen Sie Ihren Aufenthalt in Belgien mit unserem detaillierten Reisef\u00fchrer, der Routen f\u00fcr Reisen von 1 bis 7 Tagen anbietet. Entdecken Sie die Reicht\u00fcmer des Landes, je nachdem, wie lange Sie bleiben m\u00f6chten.<\/p>","protected":false},"featured_media":703,"template":"","meta":[],"product_brand":[],"product_cat":[97,101],"product_tag":[],"class_list":{"0":"post-691","1":"product","2":"type-product","3":"status-publish","4":"has-post-thumbnail","6":"product_cat-e-books","7":"product_cat-e4","9":"first","10":"instock","11":"downloadable","12":"shipping-taxable","13":"purchasable","14":"product-type-simple"},"yoast_head":"<!-- This site is optimized with the Yoast SEO plugin v26.8 - https:\/\/yoast.com\/product\/yoast-seo-wordpress\/ -->\n<title>Guide touristique de la Belgique de 1 \u00e0 7 jours - Visit In City<\/title>\n<meta name=\"robots\" content=\"index, follow, max-snippet:-1, max-image-preview:large, max-video-preview:-1\" \/>\n<link rel=\"canonical\" href=\"https:\/\/visitincity.com\/de\/produkt\/guide-touristique-de-la-belgique-de-1-a-7-jours\/\" \/>\n<meta property=\"og:locale\" content=\"de_DE\" \/>\n<meta property=\"og:type\" content=\"article\" \/>\n<meta property=\"og:title\" content=\"Guide touristique de la Belgique de 1 \u00e0 7 jours - Visit In City\" \/>\n<meta property=\"og:description\" content=\"Planifiez votre s\u00e9jour en Belgique avec notre guide d\u00e9taill\u00e9, offrant des itin\u00e9raires pour des voyages de 1 \u00e0 7 jours. D\u00e9couvrez les richesses du pays en fonction de la dur\u00e9e de votre s\u00e9jour.\" \/>\n<meta property=\"og:url\" content=\"https:\/\/visitincity.com\/de\/produkt\/guide-touristique-de-la-belgique-de-1-a-7-jours\/\" \/>\n<meta property=\"og:site_name\" content=\"Visit In City\" \/>\n<meta property=\"article:modified_time\" content=\"2024-08-30T17:50:47+00:00\" \/>\n<meta property=\"og:image\" content=\"https:\/\/visitincity.com\/wp-content\/uploads\/2024\/08\/Logos_Plan-de-travail-1.png\" \/>\n\t<meta property=\"og:image:width\" content=\"1667\" \/>\n\t<meta property=\"og:image:height\" content=\"1667\" \/>\n\t<meta property=\"og:image:type\" content=\"image\/png\" \/>\n<meta name=\"twitter:card\" content=\"summary_large_image\" \/>\n<meta name=\"twitter:label1\" content=\"Gesch\u00e4tzte Lesezeit\" \/>\n\t<meta name=\"twitter:data1\" content=\"1\u00a0Minute\" \/>\n<script type=\"application\/ld+json\" class=\"yoast-schema-graph\">{\"@context\":\"https:\/\/schema.org\",\"@graph\":[{\"@type\":\"WebPage\",\"@id\":\"https:\/\/visitincity.com\/produit\/guide-touristique-de-la-belgique-de-1-a-7-jours\/\",\"url\":\"https:\/\/visitincity.com\/produit\/guide-touristique-de-la-belgique-de-1-a-7-jours\/\",\"name\":\"Guide touristique de la Belgique de 1 \u00e0 7 jours - Visit In City\",\"isPartOf\":{\"@id\":\"https:\/\/visitincity.com\/#website\"},\"primaryImageOfPage\":{\"@id\":\"https:\/\/visitincity.com\/produit\/guide-touristique-de-la-belgique-de-1-a-7-jours\/#primaryimage\"},\"image\":{\"@id\":\"https:\/\/visitincity.com\/produit\/guide-touristique-de-la-belgique-de-1-a-7-jours\/#primaryimage\"},\"thumbnailUrl\":\"https:\/\/visitincity.com\/wp-content\/uploads\/2024\/08\/Logos_Plan-de-travail-1.png\",\"datePublished\":\"2024-08-20T08:05:55+00:00\",\"dateModified\":\"2024-08-30T17:50:47+00:00\",\"breadcrumb\":{\"@id\":\"https:\/\/visitincity.com\/produit\/guide-touristique-de-la-belgique-de-1-a-7-jours\/#breadcrumb\"},\"inLanguage\":\"de\",\"potentialAction\":[{\"@type\":\"ReadAction\",\"target\":[\"https:\/\/visitincity.com\/produit\/guide-touristique-de-la-belgique-de-1-a-7-jours\/\"]}]},{\"@type\":\"ImageObject\",\"inLanguage\":\"de\",\"@id\":\"https:\/\/visitincity.com\/produit\/guide-touristique-de-la-belgique-de-1-a-7-jours\/#primaryimage\",\"url\":\"https:\/\/visitincity.com\/wp-content\/uploads\/2024\/08\/Logos_Plan-de-travail-1.png\",\"contentUrl\":\"https:\/\/visitincity.com\/wp-content\/uploads\/2024\/08\/Logos_Plan-de-travail-1.png\",\"width\":1667,\"height\":1667},{\"@type\":\"BreadcrumbList\",\"@id\":\"https:\/\/visitincity.com\/produit\/guide-touristique-de-la-belgique-de-1-a-7-jours\/#breadcrumb\",\"itemListElement\":[{\"@type\":\"ListItem\",\"position\":1,\"name\":\"Accueil\",\"item\":\"https:\/\/visitincity.com\/\"},{\"@type\":\"ListItem\",\"position\":2,\"name\":\"Produits\",\"item\":\"https:\/\/visitincity.com\/shop\/\"},{\"@type\":\"ListItem\",\"position\":3,\"name\":\"Guide touristique de la Belgique de 1 \u00e0 7 jours\"}]},{\"@type\":\"WebSite\",\"@id\":\"https:\/\/visitincity.com\/#website\",\"url\":\"https:\/\/visitincity.com\/\",\"name\":\"Visit In City\",\"description\":\"\",\"publisher\":{\"@id\":\"https:\/\/visitincity.com\/#organization\"},\"potentialAction\":[{\"@type\":\"SearchAction\",\"target\":{\"@type\":\"EntryPoint\",\"urlTemplate\":\"https:\/\/visitincity.com\/?s={search_term_string}\"},\"query-input\":{\"@type\":\"PropertyValueSpecification\",\"valueRequired\":true,\"valueName\":\"search_term_string\"}}],\"inLanguage\":\"de\"},{\"@type\":\"Organization\",\"@id\":\"https:\/\/visitincity.com\/#organization\",\"name\":\"Visit In City\",\"url\":\"https:\/\/visitincity.com\/\",\"logo\":{\"@type\":\"ImageObject\",\"inLanguage\":\"de\",\"@id\":\"https:\/\/visitincity.com\/#\/schema\/logo\/image\/\",\"url\":\"https:\/\/visitincity.com\/wp-content\/uploads\/2024\/07\/visitincity_110724_AJ-04.png\",\"contentUrl\":\"https:\/\/visitincity.com\/wp-content\/uploads\/2024\/07\/visitincity_110724_AJ-04.png\",\"width\":2084,\"height\":2084,\"caption\":\"Visit In City\"},\"image\":{\"@id\":\"https:\/\/visitincity.com\/#\/schema\/logo\/image\/\"}}]}<\/script>\n<!-- \/ Yoast SEO plugin. -->","yoast_head_json":{"title":"Guide touristique de la Belgique de 1 \u00e0 7 jours - Visit In City","robots":{"index":"index","follow":"follow","max-snippet":"max-snippet:-1","max-image-preview":"max-image-preview:large","max-video-preview":"max-video-preview:-1"},"canonical":"https:\/\/visitincity.com\/de\/produkt\/guide-touristique-de-la-belgique-de-1-a-7-jours\/","og_locale":"de_DE","og_type":"article","og_title":"Guide touristique de la Belgique de 1 \u00e0 7 jours - Visit In City","og_description":"Planifiez votre s\u00e9jour en Belgique avec notre guide d\u00e9taill\u00e9, offrant des itin\u00e9raires pour des voyages de 1 \u00e0 7 jours. D\u00e9couvrez les richesses du pays en fonction de la dur\u00e9e de votre s\u00e9jour.","og_url":"https:\/\/visitincity.com\/de\/produkt\/guide-touristique-de-la-belgique-de-1-a-7-jours\/","og_site_name":"Visit In City","article_modified_time":"2024-08-30T17:50:47+00:00","og_image":[{"width":1667,"height":1667,"url":"https:\/\/visitincity.com\/wp-content\/uploads\/2024\/08\/Logos_Plan-de-travail-1.png","type":"image\/png"}],"twitter_card":"summary_large_image","twitter_misc":{"Gesch\u00e4tzte Lesezeit":"1\u00a0Minute"},"schema":{"@context":"https:\/\/schema.org","@graph":[{"@type":"WebPage","@id":"https:\/\/visitincity.com\/produit\/guide-touristique-de-la-belgique-de-1-a-7-jours\/","url":"https:\/\/visitincity.com\/produit\/guide-touristique-de-la-belgique-de-1-a-7-jours\/","name":"Guide touristique de la Belgique de 1 \u00e0 7 jours - Visit In City","isPartOf":{"@id":"https:\/\/visitincity.com\/#website"},"primaryImageOfPage":{"@id":"https:\/\/visitincity.com\/produit\/guide-touristique-de-la-belgique-de-1-a-7-jours\/#primaryimage"},"image":{"@id":"https:\/\/visitincity.com\/produit\/guide-touristique-de-la-belgique-de-1-a-7-jours\/#primaryimage"},"thumbnailUrl":"https:\/\/visitincity.com\/wp-content\/uploads\/2024\/08\/Logos_Plan-de-travail-1.png","datePublished":"2024-08-20T08:05:55+00:00","dateModified":"2024-08-30T17:50:47+00:00","breadcrumb":{"@id":"https:\/\/visitincity.com\/produit\/guide-touristique-de-la-belgique-de-1-a-7-jours\/#breadcrumb"},"inLanguage":"de","potentialAction":[{"@type":"ReadAction","target":["https:\/\/visitincity.com\/produit\/guide-touristique-de-la-belgique-de-1-a-7-jours\/"]}]},{"@type":"ImageObject","inLanguage":"de","@id":"https:\/\/visitincity.com\/produit\/guide-touristique-de-la-belgique-de-1-a-7-jours\/#primaryimage","url":"https:\/\/visitincity.com\/wp-content\/uploads\/2024\/08\/Logos_Plan-de-travail-1.png","contentUrl":"https:\/\/visitincity.com\/wp-content\/uploads\/2024\/08\/Logos_Plan-de-travail-1.png","width":1667,"height":1667},{"@type":"BreadcrumbList","@id":"https:\/\/visitincity.com\/produit\/guide-touristique-de-la-belgique-de-1-a-7-jours\/#breadcrumb","itemListElement":[{"@type":"ListItem","position":1,"name":"Accueil","item":"https:\/\/visitincity.com\/"},{"@type":"ListItem","position":2,"name":"Produits","item":"https:\/\/visitincity.com\/shop\/"},{"@type":"ListItem","position":3,"name":"Guide touristique de la Belgique de 1 \u00e0 7 jours"}]},{"@type":"WebSite","@id":"https:\/\/visitincity.com\/#website","url":"https:\/\/visitincity.com\/","name":"Visit In City","description":"","publisher":{"@id":"https:\/\/visitincity.com\/#organization"},"potentialAction":[{"@type":"SearchAction","target":{"@type":"EntryPoint","urlTemplate":"https:\/\/visitincity.com\/?s={search_term_string}"},"query-input":{"@type":"PropertyValueSpecification","valueRequired":true,"valueName":"search_term_string"}}],"inLanguage":"de"},{"@type":"Organization","@id":"https:\/\/visitincity.com\/#organization","name":"Visit In City","url":"https:\/\/visitincity.com\/","logo":{"@type":"ImageObject","inLanguage":"de","@id":"https:\/\/visitincity.com\/#\/schema\/logo\/image\/","url":"https:\/\/visitincity.com\/wp-content\/uploads\/2024\/07\/visitincity_110724_AJ-04.png","contentUrl":"https:\/\/visitincity.com\/wp-content\/uploads\/2024\/07\/visitincity_110724_AJ-04.png","width":2084,"height":2084,"caption":"Visit In City"},"image":{"@id":"https:\/\/visitincity.com\/#\/schema\/logo\/image\/"}}]}},"_links":{"self":[{"href":"https:\/\/visitincity.com\/de\/wp-json\/wp\/v2\/product\/691","targetHints":{"allow":["GET"]}}],"collection":[{"href":"https:\/\/visitincity.com\/de\/wp-json\/wp\/v2\/product"}],"about":[{"href":"https:\/\/visitincity.com\/de\/wp-json\/wp\/v2\/types\/product"}],"wp:featuredmedia":[{"embeddable":true,"href":"https:\/\/visitincity.com\/de\/wp-json\/wp\/v2\/media\/703"}],"wp:attachment":[{"href":"https:\/\/visitincity.com\/de\/wp-json\/wp\/v2\/media?parent=691"}],"wp:term":[{"taxonomy":"product_brand","embeddable":true,"href":"https:\/\/visitincity.com\/de\/wp-json\/wp\/v2\/product_brand?post=691"},{"taxonomy":"product_cat","embeddable":true,"href":"https:\/\/visitincity.com\/de\/wp-json\/wp\/v2\/product_cat?post=691"},{"taxonomy":"product_tag","embeddable":true,"href":"https:\/\/visitincity.com\/de\/wp-json\/wp\/v2\/product_tag?post=691"}],"curies":[{"name":"wp","href":"https:\/\/api.w.org\/{rel}","templated":true}]}}