{"id":3,"date":"2024-06-26T12:06:42","date_gmt":"2024-06-26T10:06:42","guid":{"rendered":"http:\/\/visitincity.com\/?page_id=3"},"modified":"2024-09-11T20:17:18","modified_gmt":"2024-09-11T18:17:18","slug":"politique-de-confidentialite","status":"publish","type":"page","link":"https:\/\/visitincity.com\/de\/politique-de-confidentialite\/","title":{"rendered":"Datenschutzrichtlinie"},"content":{"rendered":"<h4 class=\"wp-block-heading\">\u00c4nderungsdatum: September 2024<\/h4>\n\n\n\n<p><strong>Durch die Nutzung dieser Plattform und der dort verf\u00fcgbaren oder verlinkten Tools erkl\u00e4ren Sie sich mit den folgenden Bedingungen einverstanden.<\/strong><\/p>\n\n\n\n<h2 class=\"wp-block-heading\">Wer sind wir?<\/h2>\n\n\n\n<p><strong>Vist In City<\/strong><br><strong>Website<\/strong>\u00a0: www.visitincity.com<\/p>\n\n\n\n<p><strong>Webmaster<\/strong><br><strong>Name<\/strong>&nbsp;: Amk crea<br><strong>E-Mail-Adresse<\/strong>&nbsp;:<a href=\"mailto:amkcrea@gmail.com\">&nbsp;amkcrea@gmail.com<\/a><\/p>\n\n\n\n<p><strong>Hoster<\/strong><br><strong>Gesellschaft :\u00a0<\/strong>OVH<br><strong>Website<\/strong>:\u00a0<a href=\"http:\/\/OVH.com\/\">www.ovh.com<\/a><\/p>\n\n\n\n<h4 class=\"wp-block-heading\"><strong>Kommentare<\/strong><\/h4>\n\n\n\n<p>Lorsque vous laissez un commentaire sur notre site, nous collectons les donn\u00e9es inscrites dans le formulaire de commentaire, ainsi que votre adresse IP et l&rsquo;agent utilisateur de votre navigateur pour nous aider \u00e0 la d\u00e9tection des commentaires ind\u00e9sirables.<\/p>\n\n\n\n<p>Eine aus Ihrer E-Mail-Adresse erstellte anonymisierte Zeichenfolge (ein so genannter Hash) kann an den Gravatar-Dienst gesendet werden, um zu \u00fcberpr\u00fcfen, ob Sie den Dienst nutzen. Die Datenschutzbestimmungen des Gravatar-Dienstes finden Sie hier : <a href=\"https:\/\/automattic.com\/privacy\">https:\/\/automattic.com\/privacy<\/a>. Nachdem Sie Ihren Kommentar freigeschaltet haben, wird Ihr Profilbild neben Ihrem Kommentar \u00f6ffentlich sichtbar sein.<\/p>\n\n\n\n<h4 class=\"wp-block-heading\"><strong>Medien<\/strong><\/h4>\n\n\n\n<p>Wenn Sie Bilder auf die Website hochladen, empfehlen wir Ihnen, keine Bilder hochzuladen, die EXIF-Daten von GPS-Koordinaten enthalten. Besucher der Website k\u00f6nnen aus diesen Bildern Standortdaten herunterladen und extrahieren.<\/p>\n\n\n\n<h4 class=\"wp-block-heading\"><strong>Cookies<\/strong><\/h4>\n\n\n\n<p>Wenn Sie einen Kommentar auf unserer Website abgeben, wird Ihnen angeboten, Ihren Namen, Ihre E-Mail-Adresse und Ihre Website in Cookies zu speichern. Diese Cookies laufen nach einem Jahr ab.<br>Wenn Sie sich einloggen, setzen wir mehrere Cookies, um Ihre Anmeldeinformationen und Bildschirmeinstellungen zu speichern. Wenn Sie \u201eAn mich erinnern\u201c ankreuzen, wird Ihr Anmelde-Cookie zwei Wochen lang gespeichert. Wenn Sie sich ausloggen, wird das Anmelde-Cookie gel\u00f6scht.<\/p>\n\n\n\n<h4 class=\"wp-block-heading\"><strong>Von anderen Seiten eingebettete Inhalte<\/strong><\/h4>\n\n\n\n<p>Die Artikel auf dieser Website k\u00f6nnen eingebettete Inhalte (z. B. Videos, Bilder, Artikel) enthalten. Von anderen Websites eingebettete Inhalte verhalten sich genauso, als w\u00fcrde der Besucher diese andere Website besuchen. Diese Websites k\u00f6nnen Daten \u00fcber Sie sammeln, Cookies verwenden, Tracking-Tools von Drittanbietern einbinden und Ihre Interaktionen mit diesen eingebetteten Inhalten verfolgen.<\/p>\n\n\n\n<h4 class=\"wp-block-heading\"><strong>Verwendung und Weitergabe Ihrer pers\u00f6nlichen Daten<\/strong><\/h4>\n\n\n\n<p>Wenn du ein Zur\u00fccksetzen deines Passworts anforderst, wird deine IP-Adresse in der E-Mail zum Zur\u00fccksetzen enthalten sein.<\/p>\n\n\n\n<h4 class=\"wp-block-heading\"><strong>Dauer der Speicherung Ihrer Daten<\/strong><\/h4>\n\n\n\n<p>Wenn Sie einen Kommentar hinterlassen, werden dieser und seine Metadaten auf unbestimmte Zeit gespeichert. Dadurch werden nachfolgende Kommentare automatisch erkannt und genehmigt, anstatt sie in der Moderationswarteschlange zu belassen.<br>Pour les comptes inscrits sur notre site, nous stockons \u00e9galement les donn\u00e9es personnelles indiqu\u00e9es dans leur profil. Tous les comptes peuvent voir, modifier ou supprimer leurs informations personnelles \u00e0 tout moment (\u00e0 l&rsquo;exception de leur identifiant). Les gestionnaires du site peuvent aussi voir et modifier ces informations.<\/p>\n\n\n\n<h4 class=\"wp-block-heading\"><strong>Die Rechte, die Sie \u00fcber Ihre Daten haben<\/strong><\/h4>\n\n\n\n<p>Si vous avez un compte ou si vous avez laiss\u00e9 des commentaires sur le site, vous pouvez demander \u00e0 recevoir un fichier contenant toutes les donn\u00e9es personnelles que nous poss\u00e9dons \u00e0 votre sujet. Vous pouvez \u00e9galement demander la suppression de ces donn\u00e9es, \u00e0 l&rsquo;exception des donn\u00e9es stock\u00e9es \u00e0 des fins administratives, l\u00e9gales ou pour des raisons de s\u00e9curit\u00e9.<\/p>\n\n\n\n<h4 class=\"wp-block-heading\"><strong>\u00dcbermittlung Ihrer pers\u00f6nlichen Daten<\/strong><\/h4>\n\n\n\n<p>Die Kommentare von Besuchern k\u00f6nnen mithilfe eines automatisierten Dienstes zur Erkennung unerw\u00fcnschter Kommentare \u00fcberpr\u00fcft werden.<\/p>\n\n\n\n<hr class=\"wp-block-separator has-alpha-channel-opacity\"\/>\n\n\n\n<h3 class=\"wp-block-heading\"><strong>Conditions d&rsquo;Utilisation des eBooks<\/strong><\/h3>\n\n\n\n<p>Gekaufte eBooks auf <a href=\"https:\/\/visitincity.com\/de\/\">https:\/\/visitincity.com<\/a> sont destin\u00e9s \u00e0 un usage strictement personnel. Toute redistribution, vente ou publication non autoris\u00e9e des eBooks est interdite et constitue une violation de nos droits d&rsquo;auteur.<\/p>\n\n\n\n<h4 class=\"wp-block-heading\"><strong>R\u00fcckerstattungsrichtlinie<\/strong><\/h4>\n\n\n\n<p>Alle eBook-K\u00e4ufe sind <strong>endg\u00fcltig<\/strong> und k\u00f6nnen nicht erstattet werden. Durch das Herunterladen unserer eBooks erkl\u00e4ren Sie sich mit diesen Bedingungen einverstanden. Wenn Sie ein technisches Problem mit Ihrem Kauf haben, wenden Sie sich bitte an uns, eine R\u00fcckerstattung ist jedoch nicht m\u00f6glich.<\/p>\n\n\n\n<hr class=\"wp-block-separator has-alpha-channel-opacity\"\/>\n\n\n\n<h3 class=\"wp-block-heading\"><strong>Schutz der Informationen auf der Website<\/strong><\/h3>\n\n\n\n<p>Alle Inhalte von <a href=\"https:\/\/visitincity.com\/de\/\">https:\/\/visitincity.com<\/a>, y compris les textes, images et eBooks, est prot\u00e9g\u00e9 par des droits d&rsquo;auteur. Il est strictement interdit de reproduire, distribuer ou exploiter commercialement ce contenu sans notre autorisation \u00e9crite pr\u00e9alable.<\/p>\n\n\n\n<hr class=\"wp-block-separator has-alpha-channel-opacity\"\/>\n\n\n\n<h3 class=\"wp-block-heading\"><strong>Sicherheit der Zahlungen<\/strong><\/h3>\n\n\n\n<p>Wir verwenden sichere Zahlungsdienste und speichern keine Bank- oder Kreditkarteninformationen. Alle Transaktionen sind gesch\u00fctzt und verschl\u00fcsselt, um die Sicherheit Ihrer Informationen zu gew\u00e4hrleisten.<\/p>\n\n\n\n<hr class=\"wp-block-separator has-alpha-channel-opacity\"\/>\n\n\n\n<h3 class=\"wp-block-heading\"><strong>Bedingungen f\u00fcr die Leistungen<\/strong><\/h3>\n\n\n\n<p>Indem du deine Leistung auf unserer Seite einstellst, akzeptierst du unsere allgemeinen Nutzungsbedingungen. Wir behalten uns das Recht vor, jede Leistung, die nicht unseren Qualit\u00e4tsstandards oder unseren internen Richtlinien entspricht, ohne R\u00fcckerstattung zu entfernen.<\/p>\n\n\n\n<p>Les informations fournies par les prestataires doivent \u00eatre exactes et \u00e0 jour. Nous d\u00e9clinons toute responsabilit\u00e9 en cas d&rsquo;erreurs ou d&rsquo;omissions dans les informations fournies.<\/p>\n\n\n\n<h4 class=\"wp-block-heading\"><strong>R\u00fcckerstattungsrichtlinie f\u00fcr Leistungen<\/strong><\/h4>\n\n\n\n<p>Les frais pay\u00e9s pour la publication d&rsquo;une prestation sont non remboursables, m\u00eame en cas de retrait anticip\u00e9 par le prestataire.<\/p>\n\n\n\n<hr class=\"wp-block-separator has-alpha-channel-opacity\"\/>\n\n\n\n<h3 class=\"wp-block-heading\"><strong>Beschr\u00e4nkung der Haftung<\/strong><\/h3>\n\n\n\n<p>Nous nous effor\u00e7ons de fournir des informations exactes et \u00e0 jour sur les eBooks et les prestations, mais nous ne garantissons pas l&rsquo;exactitude absolue des d\u00e9tails. Nous d\u00e9clinons toute responsabilit\u00e9 pour les erreurs, omissions, ou changements qui pourraient survenir apr\u00e8s la publication.<\/p>\n\n\n\n<hr class=\"wp-block-separator has-alpha-channel-opacity\"\/>\n\n\n\n<h3 class=\"wp-block-heading\"><strong>\u00c4nderungen der Bedingungen<\/strong><\/h3>\n\n\n\n<p>Nous nous r\u00e9servons le droit de modifier cette politique de confidentialit\u00e9 et ces conditions d&rsquo;utilisation \u00e0 tout moment. Toute modification sera communiqu\u00e9e sur cette page. Nous vous encourageons \u00e0 consulter r\u00e9guli\u00e8rement cette politique pour rester inform\u00e9 des changements \u00e9ventuels.<\/p>","protected":false},"excerpt":{"rendered":"<p>Date de modification : Septembre 2024 Par l\u2019utilisation de cette plateforme ainsi que des outils y disponibles ou y relat\u00e9s, vous marquez votre accord sur les conditions suivantes.Vous trouverez ci-dessous les conditions concernant la&nbsp;protection de la vie priv\u00e9e, les&nbsp;r\u00e8glements relatifs aux cookies&nbsp;ainsi que les&nbsp;mentions l\u00e9gales. Qui sommes-nous&nbsp;? Vist In CitySite web\u00a0: www.visitincity.com WebmasterNom&nbsp;: Amk creaAdresse [&hellip;]<\/p>","protected":false},"author":1,"featured_media":0,"parent":0,"menu_order":0,"comment_status":"closed","ping_status":"closed","template":"","meta":{"footnotes":""},"class_list":["post-3","page","type-page","status-publish","hentry"],"yoast_head":"<!-- This site is optimized with the Yoast SEO plugin v26.8 - https:\/\/yoast.com\/product\/yoast-seo-wordpress\/ -->\n<title>Politique de confidentialit\u00e9 - Visit In City<\/title>\n<meta name=\"robots\" content=\"index, follow, max-snippet:-1, max-image-preview:large, max-video-preview:-1\" \/>\n<link rel=\"canonical\" href=\"https:\/\/visitincity.com\/de\/politique-de-confidentialite\/\" \/>\n<meta property=\"og:locale\" content=\"de_DE\" \/>\n<meta property=\"og:type\" content=\"article\" \/>\n<meta property=\"og:title\" content=\"Politique de confidentialit\u00e9 - Visit In City\" \/>\n<meta property=\"og:description\" content=\"Date de modification : Septembre 2024 Par l\u2019utilisation de cette plateforme ainsi que des outils y disponibles ou y relat\u00e9s, vous marquez votre accord sur les conditions suivantes.Vous trouverez ci-dessous les conditions concernant la&nbsp;protection de la vie priv\u00e9e, les&nbsp;r\u00e8glements relatifs aux cookies&nbsp;ainsi que les&nbsp;mentions l\u00e9gales. Qui sommes-nous&nbsp;? Vist In CitySite web\u00a0: www.visitincity.com WebmasterNom&nbsp;: Amk creaAdresse [&hellip;]\" \/>\n<meta property=\"og:url\" content=\"https:\/\/visitincity.com\/de\/politique-de-confidentialite\/\" \/>\n<meta property=\"og:site_name\" content=\"Visit In City\" \/>\n<meta property=\"article:modified_time\" content=\"2024-09-11T18:17:18+00:00\" \/>\n<meta name=\"twitter:card\" content=\"summary_large_image\" \/>\n<meta name=\"twitter:label1\" content=\"Gesch\u00e4tzte Lesezeit\" \/>\n\t<meta name=\"twitter:data1\" content=\"5\u00a0Minuten\" \/>\n<script type=\"application\/ld+json\" class=\"yoast-schema-graph\">{\"@context\":\"https:\/\/schema.org\",\"@graph\":[{\"@type\":\"WebPage\",\"@id\":\"https:\/\/visitincity.com\/politique-de-confidentialite\/\",\"url\":\"https:\/\/visitincity.com\/politique-de-confidentialite\/\",\"name\":\"Politique de confidentialit\u00e9 - Visit In City\",\"isPartOf\":{\"@id\":\"https:\/\/visitincity.com\/#website\"},\"datePublished\":\"2024-06-26T10:06:42+00:00\",\"dateModified\":\"2024-09-11T18:17:18+00:00\",\"breadcrumb\":{\"@id\":\"https:\/\/visitincity.com\/politique-de-confidentialite\/#breadcrumb\"},\"inLanguage\":\"de\",\"potentialAction\":[{\"@type\":\"ReadAction\",\"target\":[\"https:\/\/visitincity.com\/politique-de-confidentialite\/\"]}]},{\"@type\":\"BreadcrumbList\",\"@id\":\"https:\/\/visitincity.com\/politique-de-confidentialite\/#breadcrumb\",\"itemListElement\":[{\"@type\":\"ListItem\",\"position\":1,\"name\":\"Accueil\",\"item\":\"https:\/\/visitincity.com\/\"},{\"@type\":\"ListItem\",\"position\":2,\"name\":\"Politique de confidentialit\u00e9\"}]},{\"@type\":\"WebSite\",\"@id\":\"https:\/\/visitincity.com\/#website\",\"url\":\"https:\/\/visitincity.com\/\",\"name\":\"Visit In City\",\"description\":\"\",\"publisher\":{\"@id\":\"https:\/\/visitincity.com\/#organization\"},\"potentialAction\":[{\"@type\":\"SearchAction\",\"target\":{\"@type\":\"EntryPoint\",\"urlTemplate\":\"https:\/\/visitincity.com\/?s={search_term_string}\"},\"query-input\":{\"@type\":\"PropertyValueSpecification\",\"valueRequired\":true,\"valueName\":\"search_term_string\"}}],\"inLanguage\":\"de\"},{\"@type\":\"Organization\",\"@id\":\"https:\/\/visitincity.com\/#organization\",\"name\":\"Visit In City\",\"url\":\"https:\/\/visitincity.com\/\",\"logo\":{\"@type\":\"ImageObject\",\"inLanguage\":\"de\",\"@id\":\"https:\/\/visitincity.com\/#\/schema\/logo\/image\/\",\"url\":\"https:\/\/visitincity.com\/wp-content\/uploads\/2024\/07\/visitincity_110724_AJ-04.png\",\"contentUrl\":\"https:\/\/visitincity.com\/wp-content\/uploads\/2024\/07\/visitincity_110724_AJ-04.png\",\"width\":2084,\"height\":2084,\"caption\":\"Visit In City\"},\"image\":{\"@id\":\"https:\/\/visitincity.com\/#\/schema\/logo\/image\/\"}}]}<\/script>\n<!-- \/ Yoast SEO plugin. -->","yoast_head_json":{"title":"Politique de confidentialit\u00e9 - Visit In City","robots":{"index":"index","follow":"follow","max-snippet":"max-snippet:-1","max-image-preview":"max-image-preview:large","max-video-preview":"max-video-preview:-1"},"canonical":"https:\/\/visitincity.com\/de\/politique-de-confidentialite\/","og_locale":"de_DE","og_type":"article","og_title":"Politique de confidentialit\u00e9 - Visit In City","og_description":"Date de modification : Septembre 2024 Par l\u2019utilisation de cette plateforme ainsi que des outils y disponibles ou y relat\u00e9s, vous marquez votre accord sur les conditions suivantes.Vous trouverez ci-dessous les conditions concernant la&nbsp;protection de la vie priv\u00e9e, les&nbsp;r\u00e8glements relatifs aux cookies&nbsp;ainsi que les&nbsp;mentions l\u00e9gales. Qui sommes-nous&nbsp;? Vist In CitySite web\u00a0: www.visitincity.com WebmasterNom&nbsp;: Amk creaAdresse [&hellip;]","og_url":"https:\/\/visitincity.com\/de\/politique-de-confidentialite\/","og_site_name":"Visit In City","article_modified_time":"2024-09-11T18:17:18+00:00","twitter_card":"summary_large_image","twitter_misc":{"Gesch\u00e4tzte Lesezeit":"5\u00a0Minuten"},"schema":{"@context":"https:\/\/schema.org","@graph":[{"@type":"WebPage","@id":"https:\/\/visitincity.com\/politique-de-confidentialite\/","url":"https:\/\/visitincity.com\/politique-de-confidentialite\/","name":"Politique de confidentialit\u00e9 - Visit In City","isPartOf":{"@id":"https:\/\/visitincity.com\/#website"},"datePublished":"2024-06-26T10:06:42+00:00","dateModified":"2024-09-11T18:17:18+00:00","breadcrumb":{"@id":"https:\/\/visitincity.com\/politique-de-confidentialite\/#breadcrumb"},"inLanguage":"de","potentialAction":[{"@type":"ReadAction","target":["https:\/\/visitincity.com\/politique-de-confidentialite\/"]}]},{"@type":"BreadcrumbList","@id":"https:\/\/visitincity.com\/politique-de-confidentialite\/#breadcrumb","itemListElement":[{"@type":"ListItem","position":1,"name":"Accueil","item":"https:\/\/visitincity.com\/"},{"@type":"ListItem","position":2,"name":"Politique de confidentialit\u00e9"}]},{"@type":"WebSite","@id":"https:\/\/visitincity.com\/#website","url":"https:\/\/visitincity.com\/","name":"Visit In City","description":"","publisher":{"@id":"https:\/\/visitincity.com\/#organization"},"potentialAction":[{"@type":"SearchAction","target":{"@type":"EntryPoint","urlTemplate":"https:\/\/visitincity.com\/?s={search_term_string}"},"query-input":{"@type":"PropertyValueSpecification","valueRequired":true,"valueName":"search_term_string"}}],"inLanguage":"de"},{"@type":"Organization","@id":"https:\/\/visitincity.com\/#organization","name":"Visit In City","url":"https:\/\/visitincity.com\/","logo":{"@type":"ImageObject","inLanguage":"de","@id":"https:\/\/visitincity.com\/#\/schema\/logo\/image\/","url":"https:\/\/visitincity.com\/wp-content\/uploads\/2024\/07\/visitincity_110724_AJ-04.png","contentUrl":"https:\/\/visitincity.com\/wp-content\/uploads\/2024\/07\/visitincity_110724_AJ-04.png","width":2084,"height":2084,"caption":"Visit In City"},"image":{"@id":"https:\/\/visitincity.com\/#\/schema\/logo\/image\/"}}]}},"_links":{"self":[{"href":"https:\/\/visitincity.com\/de\/wp-json\/wp\/v2\/pages\/3","targetHints":{"allow":["GET"]}}],"collection":[{"href":"https:\/\/visitincity.com\/de\/wp-json\/wp\/v2\/pages"}],"about":[{"href":"https:\/\/visitincity.com\/de\/wp-json\/wp\/v2\/types\/page"}],"author":[{"embeddable":true,"href":"https:\/\/visitincity.com\/de\/wp-json\/wp\/v2\/users\/1"}],"replies":[{"embeddable":true,"href":"https:\/\/visitincity.com\/de\/wp-json\/wp\/v2\/comments?post=3"}],"version-history":[{"count":2,"href":"https:\/\/visitincity.com\/de\/wp-json\/wp\/v2\/pages\/3\/revisions"}],"predecessor-version":[{"id":807,"href":"https:\/\/visitincity.com\/de\/wp-json\/wp\/v2\/pages\/3\/revisions\/807"}],"wp:attachment":[{"href":"https:\/\/visitincity.com\/de\/wp-json\/wp\/v2\/media?parent=3"}],"curies":[{"name":"wp","href":"https:\/\/api.w.org\/{rel}","templated":true}]}}